{"id":1020,"date":"2019-07-22T22:43:28","date_gmt":"2019-07-22T22:43:28","guid":{"rendered":"https:\/\/www.portimar.com\/privacy-policy\/"},"modified":"2023-11-07T15:31:19","modified_gmt":"2023-11-07T15:31:19","slug":"privacy-policy-cookies","status":"publish","type":"page","link":"https:\/\/www.portimar.pt\/de\/privacy-policy-cookies\/","title":{"rendered":"Privacy Policy and Cookies"},"content":{"rendered":"\n<p>A Pol\u00edtica de Privacidade poder\u00e1 ser objeto de atualiza\u00e7\u00f5es, sendo qualquer altera\u00e7\u00e3o divulgada e atualizada no site Portimar.pt.<\/p>\n\n\n\n<p><br>Pode consultar <a href=\"https:\/\/portimar.sharepoint.com\/:b:\/s\/DocsPlace\/Eav0Iqb5H4tOuz3M9mjPpgEBfsYEfENcTgV-6Y0xi1Q1ug?e=qeX989\" target=\"_blank\" rel=\"noreferrer noopener\">aqui<\/a>\u00a0o documento com a Pol\u00edtica de Privacidade na \u00edntegra.<\/p>\n\n\n\n<div class=\"wp-block-kobu-custom-blocks-responsive-spacer responsive-spacer size-medium\"><\/div>\n\n\n\n<h2>Pol\u00edtica de Cookies<\/h2>\n\n\n\n<div class=\"wp-block-kobu-custom-blocks-responsive-spacer responsive-spacer size-small\"><\/div>\n\n\n\n<h3><strong>Como usamos os cookies&nbsp;<\/strong><\/h3>\n\n\n\n<p>No universo de sites s\u00e3o utilizados diversos cookies&nbsp;que permitem melhorar o desempenho e a experi\u00eancia de navega\u00e7\u00e3o do utilizador, aumentando, por um lado, a rapidez e efici\u00eancia de resposta e, por outro, eliminando a necessidade de introduzir repetidamente as mesmas informa\u00e7\u00f5es.&nbsp;Esses cookies s\u00e3o utilizados para distingui-lo de outros utilizadores dos nossos sites, sem guardar qualquer informa\u00e7\u00e3o pessoalmente identific\u00e1vel,&nbsp;guardando apenas informa\u00e7\u00f5es gen\u00e9ricas, designadamente, a forma e\/ou local de acesso do utilizador e o modo como usa o Website. Os cookies ret\u00eam apenas informa\u00e7\u00e3o relacionada com as prefer\u00eancias do Utilizador.&nbsp;A utiliza\u00e7\u00e3o desses cookies ajuda-nos a fornecer-lhe uma boa experi\u00eancia enquanto navega nos nossos sites e permite-nos tamb\u00e9m proceder a uma melhoria constante.<\/p>\n\n\n\n<p>Nenhum dos nossos cookies armazena qualquer informa\u00e7\u00e3o pessoal dos utilizadores, como o seu nome ou endere\u00e7o.<\/p>\n\n\n\n<h3><strong>Os nossos cookies<\/strong>&nbsp;<\/h3>\n\n\n\n<p>Abaixo pode encontrar mais informa\u00e7\u00e3o acerca dos v\u00e1rios cookies que usamos e do prop\u00f3sito de cada um:&nbsp;<\/p>\n\n\n\n<p><strong>Cookies estritamente necess\u00e1rios<\/strong><\/p>\n\n\n\n<p>Permitem que navegue no website e utilize as suas aplica\u00e7\u00f5es. Sem estes cookies, os servi\u00e7os que tenha requerido n\u00e3o podem ser prestados.<\/p>\n\n\n\n<p><strong>Cookies anal\u00edticos<\/strong><\/p>\n\n\n\n<p>S\u00e3o utilizados anonimamente para efeitos de cria\u00e7\u00e3o e an\u00e1lise de estat\u00edsticas, no sentido de melhorar o funcionamento do website.<\/p>\n\n\n\n<p><strong>Cookies de funcionalidade<\/strong><\/p>\n\n\n\n<p>Guardam as prefer\u00eancias do utilizador relativamente \u00e0 utiliza\u00e7\u00e3o do site, de forma que n\u00e3o seja necess\u00e1rio voltar a configurar o site cada vez que o visita.<\/p>\n\n\n\n<div class=\"wp-block-kobu-custom-blocks-responsive-spacer responsive-spacer size-small\"><\/div>\n\n\n\n<h3><strong>Controlo de Cookies&nbsp;<\/strong><\/h3>\n\n\n\n<p>Pode controlar o uso de cookies no seu navegador.<\/p>\n\n\n\n<div class=\"wp-block-kobu-custom-blocks-responsive-spacer responsive-spacer size-small\"><\/div>\n\n\n\n<h3><strong>Desativar e\/ou apagar cookies no seu navegador<\/strong><\/h3>\n\n\n\n<p>Em alternativa e\/ou adicionalmente, pode alterar as suas defini\u00e7\u00f5es de cookies, no seu navegador da Internet. O seu navegador da Internet permite-lhe alterar as suas defini\u00e7\u00f5es de cookies.&nbsp;Diferentes navegadores podem utilizar diferentes mecanismos para desativar cookies. Consulte, por favor, as liga\u00e7\u00f5es abaixo para obter mais informa\u00e7\u00e3o sobre a forma como gere as suas defini\u00e7\u00f5es de cookies:<\/p>\n\n\n\n<ul><li><strong><a rel=\"noreferrer noopener\" href=\"https:\/\/support.microsoft.com\/en-gb\/help\/17442\/windows-internet-explorer-delete-manage-cookies\" target=\"_blank\">Defini\u00e7\u00f5es de cookies no Internet Explorer<\/a><\/strong><\/li><\/ul>\n\n\n\n<ul><li><strong><a rel=\"noreferrer noopener\" href=\"https:\/\/support.mozilla.org\/en-US\/products\/firefox\/protect-your-privacy\/cookies\" target=\"_blank\">Defini\u00e7\u00f5es de cookies no Firefox<\/a><\/strong><\/li><\/ul>\n\n\n\n<ul><li><strong><a rel=\"noreferrer noopener\" href=\"https:\/\/support.google.com\/chrome\/answer\/95647?hl=en\" target=\"_blank\">Defini\u00e7\u00f5es de cookies no Chrome<\/a><\/strong><\/li><\/ul>\n\n\n\n<ul><li><strong><a rel=\"noreferrer noopener\" href=\"https:\/\/support.apple.com\/kb\/index?q=cookies&amp;src=globalnav_support&amp;type=organic&amp;page=search&amp;locale=en_US\" target=\"_blank\">Defini\u00e7\u00f5es de cookies no Safari<\/a><\/strong><\/li><\/ul>\n\n\n\n<div class=\"wp-block-kobu-custom-blocks-responsive-spacer responsive-spacer size-small\"><\/div>\n\n\n\n<p>No que concerne \u00e0s defini\u00e7\u00f5es no navegador para elimina\u00e7\u00e3o de cookies antigos, aplicam-se os mesmos princ\u00edpios que para a desativa\u00e7\u00e3o de novos cookies nas defini\u00e7\u00f5es do seu navegador. Siga, por favor, as respetivas orienta\u00e7\u00f5es para o seu navegador, como descrito acima.&nbsp;Para obter mais informa\u00e7\u00f5es sobre cookies e a respetiva utiliza\u00e7\u00e3o, sugerimos que consulte o seguinte link, cuja informa\u00e7\u00e3o apenas se encontram em l\u00edngua inglesa em:&nbsp;<strong><a rel=\"noreferrer noopener\" href=\"http:\/\/allaboutcookies.org\/\" target=\"_blank\">http:\/\/allaboutcookies.org<\/a><\/strong><\/p>\n","protected":false},"excerpt":{"rendered":"<p>A Pol\u00edtica de Privacidade poder\u00e1 ser objeto de atualiza\u00e7\u00f5es, sendo qualquer altera\u00e7\u00e3o divulgada e atualizada no site Portimar.pt. Pode consultar aqui\u00a0o documento com a Pol\u00edtica de Privacidade na \u00edntegra. Pol\u00edtica de Cookies Como usamos os cookies&nbsp; No universo de sites s\u00e3o utilizados diversos cookies&nbsp;que permitem melhorar o desempenho e a experi\u00eancia de navega\u00e7\u00e3o do utilizador, [&hellip;]<\/p>\n","protected":false},"author":1,"featured_media":825,"parent":0,"menu_order":10,"comment_status":"closed","ping_status":"closed","template":"","meta":[],"_links":{"self":[{"href":"https:\/\/www.portimar.pt\/de\/wp-json\/wp\/v2\/pages\/1020"}],"collection":[{"href":"https:\/\/www.portimar.pt\/de\/wp-json\/wp\/v2\/pages"}],"about":[{"href":"https:\/\/www.portimar.pt\/de\/wp-json\/wp\/v2\/types\/page"}],"author":[{"embeddable":true,"href":"https:\/\/www.portimar.pt\/de\/wp-json\/wp\/v2\/users\/1"}],"replies":[{"embeddable":true,"href":"https:\/\/www.portimar.pt\/de\/wp-json\/wp\/v2\/comments?post=1020"}],"version-history":[{"count":8,"href":"https:\/\/www.portimar.pt\/de\/wp-json\/wp\/v2\/pages\/1020\/revisions"}],"predecessor-version":[{"id":5886,"href":"https:\/\/www.portimar.pt\/de\/wp-json\/wp\/v2\/pages\/1020\/revisions\/5886"}],"wp:featuredmedia":[{"embeddable":true,"href":"https:\/\/www.portimar.pt\/de\/wp-json\/wp\/v2\/media\/825"}],"wp:attachment":[{"href":"https:\/\/www.portimar.pt\/de\/wp-json\/wp\/v2\/media?parent=1020"}],"curies":[{"name":"wp","href":"https:\/\/api.w.org\/{rel}","templated":true}]}}