{"id":1027,"date":"2019-07-22T22:43:28","date_gmt":"2019-07-22T22:43:28","guid":{"rendered":"https:\/\/www.portimar.com\/lisbon\/"},"modified":"2020-02-11T13:41:29","modified_gmt":"2020-02-11T13:41:29","slug":"lissabon","status":"publish","type":"page","link":"https:\/\/www.portimar.pt\/de\/homepage\/lissabon\/","title":{"rendered":"Lissabon"},"content":{"rendered":"\n<h4>Lissabon hat eine \u00fcber 20 jahrhunderte alte Geschichte und liegt am Fluss Tejo. Ihre einzigartige Sch\u00f6nheit und architektonische Einzigartigkeit werden \u00fcber die Grenzen hinweg anerkannt.<\/h4>\n\n\n\n<p>Beeinflusst von verschiedenen Kulturen und Stilen, schafft es Lissabon, modern und raffiniert zu sein und dabei ihren traditionellen und zur\u00fcckhaltenderen Geist zu bewahren, der den Wunsch vermittelt, sie zu entdecken und zu sehen, was in jedem Viertel und in jeder Stra\u00dfe gibt. <\/p>\n\n\n\n<p>Die Stadt ist reich an Denkm\u00e4lern und typischen Vierteln wie Bica, Alfama oder Mouraria und verf\u00fcgt auch \u00fcber einen beneidenswerten geografischen Rahmen, der sich hervorragend mit ihrem riesigen nat\u00fcrlichen, historischen und kulturellen Erbe verbindet.<\/p>\n\n\n\n<p>Aber was ist repr\u00e4sentativer f\u00fcr Lissabon als der Fado? Nur wenige St\u00e4dte der Welt k\u00f6nnen sich r\u00fchmen, die Wiege und fast ausschlie\u00dfliche Kultst\u00e4tte eines Musikgenres zu sein, das dar\u00fcber hinaus auch als immaterielles Erbe der Menschheit gilt. Mehr als jeder andere k\u00fcnstlerische Ausdruck verdichtet dieses Musikgenre, das durch die Stimme von Am\u00e1lia Rodrigues zu H\u00f6chstleistungen gebracht wird, die Seele eines Volkes. Ohne Fado w\u00e4re Lissabon nicht Lissabon. Der Besuch typischer Fado-H\u00e4user ist ein Muss f\u00fcr jeden Besucher.<\/p>\n\n\n\n<p>In einer Stadt, in der im Laufe der Zeit viele verschiedene Kulturen aufgetaucht sind, gibt es in jedem historischen Viertel immer noch einen Hauch von Dorf.<\/p>\n\n\n\n<p>Bei einem Spaziergang durch die Stra\u00dfen von Baixa Pombalina, die sich bis zum Tejo beim Pra\u00e7a do Com\u00e9rcio erstrecken, lernen wir einige der sch\u00f6nsten Orte der Stadt kennen &#8211; das monumentale Viertel von Bel\u00e9m mit den zum Weltkulturerbe erkl\u00e4rten Denkm\u00e4lern, die mittelalterlichen Viertel und auch die zeitgen\u00f6sserischen Erholungsgebiete, wie der Parque das Na\u00e7\u00f5es oder Docas.<\/p>\n\n\n\n<div class=\"wp-block-kobu-custom-blocks-responsive-spacer responsive-spacer size-small\"><\/div>\n\n\n\n<div class=\"wp-block-kobu-custom-blocks-slider-gallery slider-gallery gallery-container hidden\"><div class=\"gallery\" role=\"list\"><div class=\"slide\" role=\"listitem\"><div class=\"figure-wrapper\" style=\"background-image:url(https:\/\/www.portimar.com\/files\/uploads\/2019\/09\/Lisboa_shutterstock_397503196-1.jpg)\"><figure><img src=\"https:\/\/www.portimar.com\/files\/uploads\/2019\/09\/Lisboa_shutterstock_397503196-1.jpg\" alt=\"\"\/><\/figure><\/div><\/div><div class=\"slide\" role=\"listitem\"><div class=\"figure-wrapper\" style=\"background-image:url(https:\/\/www.portimar.com\/files\/uploads\/2019\/09\/Lisboa_shutterstock_298576907-1.jpg)\"><figure><img src=\"https:\/\/www.portimar.com\/files\/uploads\/2019\/09\/Lisboa_shutterstock_298576907-1.jpg\" alt=\"\"\/><\/figure><\/div><\/div><div class=\"slide\" role=\"listitem\"><div class=\"figure-wrapper\" style=\"background-image:url(https:\/\/www.portimar.com\/files\/uploads\/2019\/09\/Lisboa_shutterstock_100247684-1.jpg)\"><figure><img src=\"https:\/\/www.portimar.com\/files\/uploads\/2019\/09\/Lisboa_shutterstock_100247684-1.jpg\" alt=\"\"\/><\/figure><\/div><\/div><div class=\"slide\" role=\"listitem\"><div class=\"figure-wrapper\" style=\"background-image:url(https:\/\/www.portimar.com\/files\/uploads\/2019\/09\/Lisboa_eletrico_shutterstock_409026622-1.jpg)\"><figure><img src=\"https:\/\/www.portimar.com\/files\/uploads\/2019\/09\/Lisboa_eletrico_shutterstock_409026622-1.jpg\" alt=\"\"\/><\/figure><\/div><\/div><\/div><\/div>\n\n\n\n<div class=\"wp-block-kobu-custom-blocks-responsive-spacer responsive-spacer size-small\"><\/div>\n\n\n\n<p>In Lissabon f\u00e4llt es schwer, nicht alle Details auf sich wirken zu lassen und \u00fcberall hinzuschauen, auch auf den Boden. Der portugiesische B\u00fcrgersteig ist eine vom Aussterben bedrohte Kunst, die wir jedoch in einigen Stadtteilen noch finden k\u00f6nnen.<\/p>\n\n\n\n<p>In fast jedem Bereich der Stadt finden Sie auch Kacheln, die wahre Kunstwerke sind. In geometrischen und figurativen Mustern, in Stillleben oder in historischen Szenen wurde der Geist des Landes auf Fliesen gemalt, die imposante Fassaden und Innenr\u00e4ume von \u00f6ffentlichen und privaten R\u00e4umen zieren. Das von den Arabern geschaffene Pl\u00e4ttchen hat in der Stadt eine Bl\u00fctezeit erlebt und kann in einem Weltreferenzmuseum &#8211; dem Fliesenmuseum &#8211; in all seinem Reichtum erkundet werden.<\/p>\n\n\n\n<p>Lissabon, auch bekannt als die Stadt der sieben H\u00fcgel, ist ebenfalls sehr bekannt f\u00fcr ihre Gastronomie, die stark von der N\u00e4he zum Meer beeinflusst wird, vor allem aber durch die ber\u00fchmteste S\u00fc\u00dfigkeit der Stadt, das traditionelle \u201ePastel de Nata\u201c, das in einer alten Fabrik in Bel\u00e9m hergestellt wird und besser bekannt ist als Pastel de Bel\u00e9m.<\/p>\n\n\n\n<p>Lissabon birgt viele Sch\u00e4tze, Geheimnisse und Besonderheiten und ist eine leidenschaftliche Stadt voller Licht, die Sehnsucht bei denjenigen hinterl\u00e4sst, der sie wieder verlassen muss!<\/p>\n\n\n\n<div class=\"wp-block-kobu-custom-blocks-responsive-spacer responsive-spacer size-small\"><\/div>\n\n\n\n<figure class=\"wp-block-embed-youtube wp-block-embed is-type-video is-provider-youtube wp-embed-aspect-16-9 wp-has-aspect-ratio\"><div class=\"wp-block-embed__wrapper\">\n<div class=\"youtube embed-container youtube\"><div class=\"video-placeholder\" style=\"background-image: url(https:\/\/img.youtube.com\/vi\/mK7rgh4fhYQ\/hqdefault.jpg);\"><\/div><div class=\"iframe youtube-video\" title=\"Lisbon Region As Never Seen Before\" data-iframe-src=\"mK7rgh4fhYQ\" data-iframe-origin=\"https:\/\/www.portimar.pt\/de\/\" data-iframe-start=\"0\"><noscript><iframe loading=\"lazy\" class=\"youtube-video\" title=\"Youtube video\" width=\"640\" height=\"360\" src=\"https:\/\/www.youtube.com\/embed\/mK7rgh4fhYQ?modestbranding=1&#038;showinfo=0&#038;rel=0&#038;enablejsapi=1&#038;origin=https:\/\/www.portimar.pt\/de\/\" webkitallowfullscreen mozallowfullscreen allowfullscreen> <\/iframe><\/noscript><\/div><\/div>\n<\/div><\/figure>\n\n\n\n<div class=\"wp-block-kobu-custom-blocks-responsive-spacer responsive-spacer size-medium\"><\/div>\n","protected":false},"excerpt":{"rendered":"<p>Lissabon hat eine \u00fcber 20 jahrhunderte alte Geschichte und liegt am Fluss Tejo. Ihre einzigartige Sch\u00f6nheit und architektonische Einzigartigkeit werden \u00fcber die Grenzen hinweg anerkannt. Beeinflusst von verschiedenen Kulturen und Stilen, schafft es Lissabon, modern und raffiniert zu sein und dabei ihren traditionellen und zur\u00fcckhaltenderen Geist zu bewahren, der den Wunsch vermittelt, sie zu entdecken [&hellip;]<\/p>\n","protected":false},"author":1,"featured_media":2591,"parent":954,"menu_order":0,"comment_status":"closed","ping_status":"closed","template":"templates\/location.php","meta":[],"_links":{"self":[{"href":"https:\/\/www.portimar.pt\/de\/wp-json\/wp\/v2\/pages\/1027"}],"collection":[{"href":"https:\/\/www.portimar.pt\/de\/wp-json\/wp\/v2\/pages"}],"about":[{"href":"https:\/\/www.portimar.pt\/de\/wp-json\/wp\/v2\/types\/page"}],"author":[{"embeddable":true,"href":"https:\/\/www.portimar.pt\/de\/wp-json\/wp\/v2\/users\/1"}],"replies":[{"embeddable":true,"href":"https:\/\/www.portimar.pt\/de\/wp-json\/wp\/v2\/comments?post=1027"}],"version-history":[{"count":14,"href":"https:\/\/www.portimar.pt\/de\/wp-json\/wp\/v2\/pages\/1027\/revisions"}],"predecessor-version":[{"id":4339,"href":"https:\/\/www.portimar.pt\/de\/wp-json\/wp\/v2\/pages\/1027\/revisions\/4339"}],"up":[{"embeddable":true,"href":"https:\/\/www.portimar.pt\/de\/wp-json\/wp\/v2\/pages\/954"}],"wp:featuredmedia":[{"embeddable":true,"href":"https:\/\/www.portimar.pt\/de\/wp-json\/wp\/v2\/media\/2591"}],"wp:attachment":[{"href":"https:\/\/www.portimar.pt\/de\/wp-json\/wp\/v2\/media?parent=1027"}],"curies":[{"name":"wp","href":"https:\/\/api.w.org\/{rel}","templated":true}]}}