{"id":4433,"date":"2020-02-04T16:31:33","date_gmt":"2020-02-04T16:31:33","guid":{"rendered":"https:\/\/www.portimar.com\/homepage\/monsaraz\/"},"modified":"2020-02-11T14:05:05","modified_gmt":"2020-02-11T14:05:05","slug":"monsaraz","status":"publish","type":"page","link":"https:\/\/www.portimar.pt\/de\/homepage\/monsaraz\/","title":{"rendered":"Monsaraz"},"content":{"rendered":"\n<h4>Monsaraz zu entdecken bedeutet, in die Vergangenheit zu reisen und die Geschichte in der Gegenwart zu genie\u00dfen. In dieser charmanten Zeitmaschine im Herzen des Alentejo gibt es so viel zu sehen und zu f\u00fchlen!<\/h4>\n\n\n\n<p>Monsaraz liegt auf einem erhabenen H\u00fcgel mit Blick auf Guadiana und die spanische Grenze und wurde von mehreren Zivilisationen begehrt, die sich das Dorf seit pr\u00e4historischen Zeiten strittig machen. In der Region sind mehrere hundert arch\u00e4ologische St\u00e4tten aus der Altsteinzeit, der Jungsteinzeit, der Kupfersteinzeit, der Bronzezeit und der Eisenzeit bekannt.<\/p>\n\n\n\n<p>Die Dorfmauern umringen ein einladendes Dorf, in dem das Licht die malerischen und traditionellen H\u00e4user der gastfreundlichen Menschen ber\u00fchrt. In jedem Restaurant wird der Besucher mit Alentejo-Gesang empfangen, der 2014 zum UNESCO-Weltkulturerbe erkl\u00e4rt wurde.<\/p>\n\n\n\n<div class=\"wp-block-kobu-custom-blocks-responsive-spacer responsive-spacer size-small\"><\/div>\n\n\n\n<div class=\"wp-block-kobu-custom-blocks-slider-gallery slider-gallery gallery-container hidden\"><div class=\"gallery\" role=\"list\"><div class=\"slide\" role=\"listitem\"><div class=\"figure-wrapper\" style=\"background-image:url(https:\/\/www.portimar.com\/files\/uploads\/2019\/09\/Alentejo_Monsaraz_shutterstock_326097908-1.jpg)\"><figure><img src=\"https:\/\/www.portimar.com\/files\/uploads\/2019\/09\/Alentejo_Monsaraz_shutterstock_326097908-1.jpg\" alt=\"\"\/><\/figure><\/div><\/div><div class=\"slide\" role=\"listitem\"><div class=\"figure-wrapper\" style=\"background-image:url(https:\/\/www.portimar.com\/files\/uploads\/2019\/09\/703A2683-1.jpg)\"><figure><img src=\"https:\/\/www.portimar.com\/files\/uploads\/2019\/09\/703A2683-1.jpg\" alt=\"\"\/><\/figure><\/div><\/div><div class=\"slide\" role=\"listitem\"><div class=\"figure-wrapper\" style=\"background-image:url(https:\/\/www.portimar.com\/files\/uploads\/2019\/09\/Amanhecer-no-Lago-1.jpg)\"><figure><img src=\"https:\/\/www.portimar.com\/files\/uploads\/2019\/09\/Amanhecer-no-Lago-1.jpg\" alt=\"\"\/><\/figure><\/div><\/div><div class=\"slide\" role=\"listitem\"><div class=\"figure-wrapper\" style=\"background-image:url(https:\/\/www.portimar.com\/files\/uploads\/2019\/09\/Dark-Sky-Anta-Olival-da-Pega-1.jpg)\"><figure><img src=\"https:\/\/www.portimar.com\/files\/uploads\/2019\/09\/Dark-Sky-Anta-Olival-da-Pega-1.jpg\" alt=\"\"\/><\/figure><\/div><\/div><\/div><\/div>\n\n\n\n<div class=\"wp-block-kobu-custom-blocks-responsive-spacer responsive-spacer size-small\"><\/div>\n\n\n\n<p>Monsaraz ist auch eine der Hauptattraktionen f\u00fcr Astrotourismus in Portugal.  Als erstes Reservat der Welt hat das Dark Sky Alqueva-Reservat das Starlight Tourism Destination-Zertifikat erhalten, das die einzigartigen Eigenschaften des Nachthimmels des Alentejo-Dorfes best\u00e4tigt.<br><br>Diejenigen, die sich in die engen Gassen und in die sonnige Ecken und Winkel st\u00fcrzen oder hohe Punkte wie den Glockenturm und den Hexenturm (Torre das Feiticeiras) erklimmen, kommen angesichts der atemberaubenden Landschaft, die jetzt durch die Sch\u00f6nheit des Gro\u00dfen Alqueva-Sees bereichert wird, nicht mehr aus dem Staunen.<br><br>Neben den Umweltfaktoren, die sich aus der Kombination von mediterranen und atlantischen Einfl\u00fcssen ergeben, mit einer reichen Farbe, die den Naturzyklen und den Jahreszeiten entspricht, geh\u00f6rt die Gastronomie zu den gro\u00dfen St\u00e4rken dieser Region. Charakteristisch ist hier die Kombination von Kr\u00e4utern, Oliven\u00f6l und Brot. Daher ist das sind bei jedem Mahl das traditionelle Alentejo-Brot, Oliven, K\u00e4se und Wurst obligatorisch.<\/p>\n\n\n\n<div class=\"wp-block-kobu-custom-blocks-responsive-spacer responsive-spacer size-medium\"><\/div>\n\n\n\n<figure class=\"wp-block-embed-youtube wp-block-embed is-type-video is-provider-youtube wp-embed-aspect-16-9 wp-has-aspect-ratio\"><div class=\"wp-block-embed__wrapper\">\n<div class=\"youtube embed-container youtube\"><div class=\"video-placeholder\" style=\"background-image: url(https:\/\/img.youtube.com\/vi\/Ul-thTglyT0\/hqdefault.jpg);\"><\/div><div class=\"iframe youtube-video\" title=\"Monsaraz &amp; Alqueva aerial view - 4K Ultra HD\" data-iframe-src=\"Ul-thTglyT0\" data-iframe-origin=\"https:\/\/www.portimar.pt\/de\/\" data-iframe-start=\"430\"><noscript><iframe loading=\"lazy\" class=\"youtube-video\" title=\"Youtube video\" width=\"640\" height=\"360\" src=\"https:\/\/www.youtube.com\/embed\/Ul-thTglyT0?start=430&#038;modestbranding=1&#038;showinfo=0&#038;rel=0&#038;enablejsapi=1&#038;origin=https:\/\/www.portimar.pt\/de\/\" webkitallowfullscreen mozallowfullscreen allowfullscreen> <\/iframe><\/noscript><\/div><\/div>\n<\/div><\/figure>\n","protected":false},"excerpt":{"rendered":"<p>Monsaraz zu entdecken bedeutet, in die Vergangenheit zu reisen und die Geschichte in der Gegenwart zu genie\u00dfen. In dieser charmanten Zeitmaschine im Herzen des Alentejo gibt es so viel zu sehen und zu f\u00fchlen! Monsaraz liegt auf einem erhabenen H\u00fcgel mit Blick auf Guadiana und die spanische Grenze und wurde von mehreren Zivilisationen begehrt, die [&hellip;]<\/p>\n","protected":false},"author":2,"featured_media":2659,"parent":954,"menu_order":0,"comment_status":"closed","ping_status":"closed","template":"templates\/location.php","meta":[],"_links":{"self":[{"href":"https:\/\/www.portimar.pt\/de\/wp-json\/wp\/v2\/pages\/4433"}],"collection":[{"href":"https:\/\/www.portimar.pt\/de\/wp-json\/wp\/v2\/pages"}],"about":[{"href":"https:\/\/www.portimar.pt\/de\/wp-json\/wp\/v2\/types\/page"}],"author":[{"embeddable":true,"href":"https:\/\/www.portimar.pt\/de\/wp-json\/wp\/v2\/users\/2"}],"replies":[{"embeddable":true,"href":"https:\/\/www.portimar.pt\/de\/wp-json\/wp\/v2\/comments?post=4433"}],"version-history":[{"count":3,"href":"https:\/\/www.portimar.pt\/de\/wp-json\/wp\/v2\/pages\/4433\/revisions"}],"predecessor-version":[{"id":4441,"href":"https:\/\/www.portimar.pt\/de\/wp-json\/wp\/v2\/pages\/4433\/revisions\/4441"}],"up":[{"embeddable":true,"href":"https:\/\/www.portimar.pt\/de\/wp-json\/wp\/v2\/pages\/954"}],"wp:featuredmedia":[{"embeddable":true,"href":"https:\/\/www.portimar.pt\/de\/wp-json\/wp\/v2\/media\/2659"}],"wp:attachment":[{"href":"https:\/\/www.portimar.pt\/de\/wp-json\/wp\/v2\/media?parent=4433"}],"curies":[{"name":"wp","href":"https:\/\/api.w.org\/{rel}","templated":true}]}}