{"id":4464,"date":"2020-02-04T17:16:26","date_gmt":"2020-02-04T17:16:26","guid":{"rendered":"https:\/\/www.portimar.com\/homepage\/viana-do-castelo\/"},"modified":"2020-02-11T14:12:24","modified_gmt":"2020-02-11T14:12:24","slug":"viana-do-castelo","status":"publish","type":"page","link":"https:\/\/www.portimar.pt\/de\/homepage\/viana-do-castelo\/","title":{"rendered":"Viana do Castelo"},"content":{"rendered":"\n<p>Direkt am Meer, das die Geschichte von Viana gepr\u00e4gt hat, liegt eine Barockkirche, in der die Marienfigur der Senhora da Agonia beherbergt ist. Diese segnet auf einer Prozession am 20. August allj\u00e4hrlich auf einem der farbenfrohsten Feste Portugals das Meer. Bei diesen Umz\u00fcgen werden auch die typischen sch\u00f6nen Kost\u00fcme vorgef\u00fchrt. Das filigrane Gold ist ein weiteres Beispiel f\u00fcr die Bem\u00fchungen dieser Stadt, ihre Traditionen lebendig zu halten.<br><br>Traditioneller portugiesischer Schmuck ist insbesondere von der Religion inspiriert \u2013 dabei ist das \u201eHerz von Viana\u201c keine Ausnahme. Dieses Herz, das derzeit Symbol der Stadt Viana do Castelo ist, kam in Portugal im Zuge des Kultes um das Heilige Herz Jesu Ende des 18. Jahrhundert auf.<br><br>Das Herz von Viana wurde dann emotionales und ikonisches Erbe Portugals und Markenzeichen der filigranen portugiesischen Kunst. F\u00fcr diejenigen, die es tragen, ist das Herz ein Symbol f\u00fcr Ehrlichkeit und Gro\u00dfz\u00fcgigkeit.<\/p>\n\n\n\n<div class=\"wp-block-kobu-custom-blocks-responsive-spacer responsive-spacer size-small\"><\/div>\n\n\n\n<div class=\"wp-block-kobu-custom-blocks-slider-gallery slider-gallery gallery-container hidden\"><div class=\"gallery\" role=\"list\"><div class=\"slide\" role=\"listitem\"><div class=\"figure-wrapper\" style=\"background-image:url(https:\/\/www.portimar.com\/files\/uploads\/2019\/09\/31975171957_52f0508d3a_o-1.jpg)\"><figure><img src=\"https:\/\/www.portimar.com\/files\/uploads\/2019\/09\/31975171957_52f0508d3a_o-1.jpg\" alt=\"\"\/><\/figure><\/div><\/div><div class=\"slide\" role=\"listitem\"><div class=\"figure-wrapper\" style=\"background-image:url(https:\/\/www.portimar.com\/files\/uploads\/2019\/09\/46917767991_bea52af354_o-1.jpg)\"><figure><img src=\"https:\/\/www.portimar.com\/files\/uploads\/2019\/09\/46917767991_bea52af354_o-1.jpg\" alt=\"\"\/><figcaption><span>PORTO, PORTUGAL &#8211; SEPTEMBER 10, 2018: \n\nCREDIT: Daniel Rodrigues<\/span><\/figcaption><\/figure><\/div><\/div><div class=\"slide\" role=\"listitem\"><div class=\"figure-wrapper\" style=\"background-image:url(https:\/\/www.portimar.com\/files\/uploads\/2019\/09\/46192940684_7d8fa31dee_o-1.jpg)\"><figure><img src=\"https:\/\/www.portimar.com\/files\/uploads\/2019\/09\/46192940684_7d8fa31dee_o-1.jpg\" alt=\"\"\/><figcaption><span>PORTO, PORTUGAL &#8211; SEPTEMBER 10, 2018: \n\nCREDIT: Daniel Rodrigues<\/span><\/figcaption><\/figure><\/div><\/div><div class=\"slide\" role=\"listitem\"><div class=\"figure-wrapper\" style=\"background-image:url(https:\/\/www.portimar.com\/files\/uploads\/2019\/09\/46864282902_f80dd2a756_o-1.jpg)\"><figure><img src=\"https:\/\/www.portimar.com\/files\/uploads\/2019\/09\/46864282902_f80dd2a756_o-1.jpg\" alt=\"\"\/><\/figure><\/div><\/div><\/div><\/div>\n\n\n\n<div class=\"wp-block-kobu-custom-blocks-responsive-spacer responsive-spacer size-small\"><\/div>\n\n\n\n<p>Aber Viana do Castelo gilt auch als Mekka der Architektur, was den vielen gro\u00dfen Namen der zeitgen\u00f6ssischen portugiesischen Architektur zu verdanken ist, die hinter den Geb\u00e4uden und Pl\u00e4tzen der Stadt stehen. <br><br>Mit ihrer unvergleichlichen Sch\u00f6nheit und ihrem Reichtum macht die \u00f6rtliche Kultur die Stadt zur Hauptstadt der portugiesischen Folklore.<br><br>Die Originalit\u00e4t und Funktionalit\u00e4t der hiesigen Handwerkskunst, insbesondere bei Geschirr und Stickereien, sowie das stets hochwertige kulturelle Angebot sind weitere Faktoren, die Viana do Castelo zu einer \u00e4u\u00dferst attraktiven Stadt machen.<\/p>\n\n\n\n<div class=\"wp-block-kobu-custom-blocks-responsive-spacer responsive-spacer size-medium\"><\/div>\n\n\n\n<figure class=\"wp-block-embed-youtube wp-block-embed is-type-video is-provider-youtube wp-embed-aspect-16-9 wp-has-aspect-ratio\"><div class=\"wp-block-embed__wrapper\">\n<div class=\"youtube embed-container youtube\"><div class=\"video-placeholder\" style=\"background-image: url(https:\/\/img.youtube.com\/vi\/zqKfGVdQ-wo\/hqdefault.jpg);\"><\/div><div class=\"iframe youtube-video\" title=\"&quot;Portugal Expect the Unexpected - Viana do Castelo&quot;\" data-iframe-src=\"zqKfGVdQ-wo\" data-iframe-origin=\"https:\/\/www.portimar.pt\/de\/\" data-iframe-start=\"0\"><noscript><iframe loading=\"lazy\" class=\"youtube-video\" title=\"Youtube video\" width=\"640\" height=\"360\" src=\"https:\/\/www.youtube.com\/embed\/zqKfGVdQ-wo?modestbranding=1&#038;showinfo=0&#038;rel=0&#038;enablejsapi=1&#038;origin=https:\/\/www.portimar.pt\/de\/\" webkitallowfullscreen mozallowfullscreen allowfullscreen> <\/iframe><\/noscript><\/div><\/div>\n<\/div><\/figure>\n\n\n\n<p><\/p>\n","protected":false},"excerpt":{"rendered":"<p>Direkt am Meer, das die Geschichte von Viana gepr\u00e4gt hat, liegt eine Barockkirche, in der die Marienfigur der Senhora da Agonia beherbergt ist. Diese segnet auf einer Prozession am 20. August allj\u00e4hrlich auf einem der farbenfrohsten Feste Portugals das Meer. Bei diesen Umz\u00fcgen werden auch die typischen sch\u00f6nen Kost\u00fcme vorgef\u00fchrt. Das filigrane Gold ist ein [&hellip;]<\/p>\n","protected":false},"author":2,"featured_media":2728,"parent":954,"menu_order":0,"comment_status":"closed","ping_status":"closed","template":"templates\/location.php","meta":[],"_links":{"self":[{"href":"https:\/\/www.portimar.pt\/de\/wp-json\/wp\/v2\/pages\/4464"}],"collection":[{"href":"https:\/\/www.portimar.pt\/de\/wp-json\/wp\/v2\/pages"}],"about":[{"href":"https:\/\/www.portimar.pt\/de\/wp-json\/wp\/v2\/types\/page"}],"author":[{"embeddable":true,"href":"https:\/\/www.portimar.pt\/de\/wp-json\/wp\/v2\/users\/2"}],"replies":[{"embeddable":true,"href":"https:\/\/www.portimar.pt\/de\/wp-json\/wp\/v2\/comments?post=4464"}],"version-history":[{"count":4,"href":"https:\/\/www.portimar.pt\/de\/wp-json\/wp\/v2\/pages\/4464\/revisions"}],"predecessor-version":[{"id":4470,"href":"https:\/\/www.portimar.pt\/de\/wp-json\/wp\/v2\/pages\/4464\/revisions\/4470"}],"up":[{"embeddable":true,"href":"https:\/\/www.portimar.pt\/de\/wp-json\/wp\/v2\/pages\/954"}],"wp:featuredmedia":[{"embeddable":true,"href":"https:\/\/www.portimar.pt\/de\/wp-json\/wp\/v2\/media\/2728"}],"wp:attachment":[{"href":"https:\/\/www.portimar.pt\/de\/wp-json\/wp\/v2\/media?parent=4464"}],"curies":[{"name":"wp","href":"https:\/\/api.w.org\/{rel}","templated":true}]}}