{"id":4475,"date":"2020-02-05T15:57:56","date_gmt":"2020-02-05T15:57:56","guid":{"rendered":"https:\/\/www.portimar.com\/unsere-dienstleistungen\/online-connectivity\/"},"modified":"2020-02-11T15:57:21","modified_gmt":"2020-02-11T15:57:21","slug":"online-konnektivitat","status":"publish","type":"page","link":"https:\/\/www.portimar.pt\/de\/unsere-dienstleistungen\/online-konnektivitat\/","title":{"rendered":"Online-Konnektivit\u00e4t"},"content":{"rendered":"\n<h4>In einer zunehmend globalen Welt ist der Tourismussektor von Technologie gepr\u00e4gt und erfordert eine st\u00e4ndige \u00dcberwachung und Anpassung an neue technologische Entwicklungen und Gesch\u00e4ftsmodelle.<\/h4>\n\n\n\n<div class=\"wp-block-kobu-custom-blocks-responsive-spacer responsive-spacer size-custom\" style=\"height:undefinedpx\"><\/div>\n\n\n\n<p>Wir bieten unseren Partnern und Kunden die besten technologischen L\u00f6sungen und verf\u00fcgen gleichzeitig \u00fcber ein tiefgreifendes Know-how und eine klare Vision der Branche, die es uns erm\u00f6glicht, das Produkt zu verbessern und jedem Kunden anzubieten, immer mit maximaler Rentabilit\u00e4<\/p>\n\n\n\n<div class=\"wp-block-kobu-custom-blocks-responsive-spacer responsive-spacer size-small\"><\/div>\n\n\n\n<figure class=\"wp-block-image\"><img loading=\"lazy\" width=\"1024\" height=\"683\" src=\"https:\/\/www.portimar.com\/files\/uploads\/2019\/10\/thomas-lefebvre-gp8BLyaTaA0-unsplash-1024x683.jpg\" alt=\"\" class=\"wp-image-3459\" srcset=\"https:\/\/www.portimar.pt\/files\/uploads\/2019\/10\/thomas-lefebvre-gp8BLyaTaA0-unsplash-1024x683.jpg 1024w, https:\/\/www.portimar.pt\/files\/uploads\/2019\/10\/thomas-lefebvre-gp8BLyaTaA0-unsplash-300x200.jpg 300w, https:\/\/www.portimar.pt\/files\/uploads\/2019\/10\/thomas-lefebvre-gp8BLyaTaA0-unsplash-768x512.jpg 768w, https:\/\/www.portimar.pt\/files\/uploads\/2019\/10\/thomas-lefebvre-gp8BLyaTaA0-unsplash.jpg 1920w\" sizes=\"(max-width: 1024px) 100vw, 1024px\" \/><\/figure>\n\n\n\n<div class=\"wp-block-kobu-custom-blocks-responsive-spacer responsive-spacer size-small\"><\/div>\n\n\n\n<p>Wir verf\u00fcgen \u00fcber ein Expertenteam auf diesem Gebiet, mit umfassender Erfahrung, das unsere Kunden w\u00e4hrend des gesamten Integrationsprozesses begleitet und eine kontinuierliche \u00dcberwachung und Wartung durchf\u00fchrt, um ihre Leistung zu maximieren.<\/p>\n\n\n\n<div class=\"wp-block-kobu-custom-blocks-responsive-spacer responsive-spacer size-custom\" style=\"height:undefinedpx\"><\/div>\n\n\n\n<p>Unser Ziel bei jedem Integrationsprozess ist es, jedem Kunden das richtige Produkt zu den besten Bedingungen anzubieten.<\/p>\n\n\n\n<div class=\"wp-block-kobu-custom-blocks-responsive-spacer responsive-spacer size-medium\"><\/div>\n","protected":false},"excerpt":{"rendered":"<p>In einer zunehmend globalen Welt ist der Tourismussektor von Technologie gepr\u00e4gt und erfordert eine st\u00e4ndige \u00dcberwachung und Anpassung an neue technologische Entwicklungen und Gesch\u00e4ftsmodelle. Wir bieten unseren Partnern und Kunden die besten technologischen L\u00f6sungen und verf\u00fcgen gleichzeitig \u00fcber ein tiefgreifendes Know-how und eine klare Vision der Branche, die es uns erm\u00f6glicht, das Produkt zu verbessern [&hellip;]<\/p>\n","protected":false},"author":2,"featured_media":3456,"parent":996,"menu_order":0,"comment_status":"closed","ping_status":"closed","template":"","meta":[],"_links":{"self":[{"href":"https:\/\/www.portimar.pt\/de\/wp-json\/wp\/v2\/pages\/4475"}],"collection":[{"href":"https:\/\/www.portimar.pt\/de\/wp-json\/wp\/v2\/pages"}],"about":[{"href":"https:\/\/www.portimar.pt\/de\/wp-json\/wp\/v2\/types\/page"}],"author":[{"embeddable":true,"href":"https:\/\/www.portimar.pt\/de\/wp-json\/wp\/v2\/users\/2"}],"replies":[{"embeddable":true,"href":"https:\/\/www.portimar.pt\/de\/wp-json\/wp\/v2\/comments?post=4475"}],"version-history":[{"count":4,"href":"https:\/\/www.portimar.pt\/de\/wp-json\/wp\/v2\/pages\/4475\/revisions"}],"predecessor-version":[{"id":4482,"href":"https:\/\/www.portimar.pt\/de\/wp-json\/wp\/v2\/pages\/4475\/revisions\/4482"}],"up":[{"embeddable":true,"href":"https:\/\/www.portimar.pt\/de\/wp-json\/wp\/v2\/pages\/996"}],"wp:featuredmedia":[{"embeddable":true,"href":"https:\/\/www.portimar.pt\/de\/wp-json\/wp\/v2\/media\/3456"}],"wp:attachment":[{"href":"https:\/\/www.portimar.pt\/de\/wp-json\/wp\/v2\/media?parent=4475"}],"curies":[{"name":"wp","href":"https:\/\/api.w.org\/{rel}","templated":true}]}}