{"id":4948,"date":"2020-06-03T21:52:06","date_gmt":"2020-06-03T21:52:06","guid":{"rendered":"https:\/\/www.portimar.com\/covid-19-bezogene-informationen\/allgemeine-regeln\/"},"modified":"2020-06-18T19:05:21","modified_gmt":"2020-06-18T19:05:21","slug":"allgemeine-regeln","status":"publish","type":"page","link":"https:\/\/www.portimar.pt\/de\/covid-19-bezogene-informationen\/allgemeine-regeln\/","title":{"rendered":"Allgemeine Regeln"},"content":{"rendered":"\n<p>Dies sind die in Portugal geltenden allgemeinen Regeln:<\/p>\n\n\n\n<ul><li>Alle Veranstaltungen mit mehr als 10 Personen sind verboten<\/li><li>\u00d6ffentlicher Transport &#8211; Maximal 2\/3 der Gesamtkapazit\u00e4t und Gesichtsmasken sind obligatorisch. In Taxis \/ TVDE d\u00fcrfen die Vordersitze nur vom Fahrer benutzt werden, und die Belegung der Passagiere darf 2\/3 des verbleibenden Platzes nicht \u00fcberschreiten.<\/li><li>F\u00fcr Finanz\u00e4mter, Winterg\u00e4rten und andere \u00f6ffentliche \u00c4mter muss im Voraus ein Termin vereinbart werden.<\/li><li>Unternehmen k\u00f6nnen nicht mit mehr als 4 Personen pro 100 Quadratmeter (ohne Mitarbeiter) besetzt werden.<\/li><li><a href=\"https:\/\/www.portimar.com\/files\/uploads\/2020\/06\/RulesForBeaches-DE.jpg\" target=\"_blank\" rel=\"noopener noreferrer\">Die Strand-Saison<\/a> beginnt am 6. Juni mit folgenden Einschr\u00e4nkungen:<ul><li>Gruppen sind auf 5 Personen begrenzt;<\/li><li>Alle sportlichen Aktivit\u00e4ten sind verboten, au\u00dfer im Wasser;<\/li><li>1,5 m soziale Distanz;<\/li><li>3 m Abstand zwischen Handt\u00fcchern oder Sonnenliegen;<\/li><li>Die App \u00b4Info Praia` (Strandinfo) hat drei Farben: Gr\u00fcn (1\/3 Belegung), Gelb (2\/3 Belegung) und Rot (Vollbelegung). Diese Farben identifizieren den Belegungsgrad jedes Strandes.<\/li><li>Das Parken von Autos ist nur in ausgewiesenen Bereichen gestattet.<\/li><li>Es kann einige Fahrspurspuren oder Markierungen geben, so dass die Leute nicht \u00fcberqueren und ihre Entfernungen einhalten k\u00f6nnen, w\u00e4hrend sie herumlaufen.<\/li><\/ul><\/li><\/ul>\n\n\n\n<p><strong>Hygiene- und Desinfektionsma\u00dfnahmen<\/strong><\/p>\n\n\n\n<p>Um die Ausbreitung des Virus und Ansteckungsgefahren zu vermeiden, m\u00fcssen alle Dienststellen <strong>Hygiene- und Desinfektionsma\u00dfnahmen gem\u00e4\u00df den Vorgaben der Generaldirektion f\u00fcr Gesundheit<\/strong> umsetzen, und es gibt spezifische Empfehlungen f\u00fcr verschiedene Gesch\u00e4ftsbereiche.<\/p>\n\n\n\n<figure class=\"wp-block-embed-youtube wp-block-embed is-type-video is-provider-youtube wp-embed-aspect-16-9 wp-has-aspect-ratio\"><div class=\"wp-block-embed__wrapper\">\n<div class=\"youtube embed-container youtube\"><div class=\"video-placeholder\" style=\"background-image: url(https:\/\/img.youtube.com\/vi\/cCPeTdFjOOg\/hqdefault.jpg);\"><\/div><div class=\"iframe youtube-video\" title=\"Portimar\" data-iframe-src=\"cCPeTdFjOOg\" data-iframe-origin=\"https:\/\/www.portimar.pt\/de\/\" data-iframe-start=\"0\"><noscript><iframe loading=\"lazy\" class=\"youtube-video\" title=\"Youtube video\" width=\"640\" height=\"360\" src=\"https:\/\/www.youtube.com\/embed\/cCPeTdFjOOg?modestbranding=1&#038;showinfo=0&#038;rel=0&#038;enablejsapi=1&#038;origin=https:\/\/www.portimar.pt\/de\/\" webkitallowfullscreen mozallowfullscreen allowfullscreen> <\/iframe><\/noscript><\/div><\/div>\n<\/div><\/figure>\n","protected":false},"excerpt":{"rendered":"<p>Dies sind die in Portugal geltenden allgemeinen Regeln: Alle Veranstaltungen mit mehr als 10 Personen sind verboten \u00d6ffentlicher Transport &#8211; Maximal 2\/3 der Gesamtkapazit\u00e4t und Gesichtsmasken sind obligatorisch. In Taxis \/ TVDE d\u00fcrfen die Vordersitze nur vom Fahrer benutzt werden, und die Belegung der Passagiere darf 2\/3 des verbleibenden Platzes nicht \u00fcberschreiten. F\u00fcr Finanz\u00e4mter, Winterg\u00e4rten [&hellip;]<\/p>\n","protected":false},"author":3,"featured_media":5162,"parent":4930,"menu_order":0,"comment_status":"closed","ping_status":"closed","template":"","meta":[],"_links":{"self":[{"href":"https:\/\/www.portimar.pt\/de\/wp-json\/wp\/v2\/pages\/4948"}],"collection":[{"href":"https:\/\/www.portimar.pt\/de\/wp-json\/wp\/v2\/pages"}],"about":[{"href":"https:\/\/www.portimar.pt\/de\/wp-json\/wp\/v2\/types\/page"}],"author":[{"embeddable":true,"href":"https:\/\/www.portimar.pt\/de\/wp-json\/wp\/v2\/users\/3"}],"replies":[{"embeddable":true,"href":"https:\/\/www.portimar.pt\/de\/wp-json\/wp\/v2\/comments?post=4948"}],"version-history":[{"count":4,"href":"https:\/\/www.portimar.pt\/de\/wp-json\/wp\/v2\/pages\/4948\/revisions"}],"predecessor-version":[{"id":5150,"href":"https:\/\/www.portimar.pt\/de\/wp-json\/wp\/v2\/pages\/4948\/revisions\/5150"}],"up":[{"embeddable":true,"href":"https:\/\/www.portimar.pt\/de\/wp-json\/wp\/v2\/pages\/4930"}],"wp:featuredmedia":[{"embeddable":true,"href":"https:\/\/www.portimar.pt\/de\/wp-json\/wp\/v2\/media\/5162"}],"wp:attachment":[{"href":"https:\/\/www.portimar.pt\/de\/wp-json\/wp\/v2\/media?parent=4948"}],"curies":[{"name":"wp","href":"https:\/\/api.w.org\/{rel}","templated":true}]}}