{"id":5740,"date":"2023-10-30T11:35:38","date_gmt":"2023-10-30T11:35:38","guid":{"rendered":"https:\/\/www.portimar.com\/?page_id=5740"},"modified":"2023-10-30T14:33:46","modified_gmt":"2023-10-30T14:33:46","slug":"qualitaetsmanagement","status":"publish","type":"page","link":"https:\/\/www.portimar.pt\/de\/qualitaetsmanagement\/","title":{"rendered":"Qualit\u00e4tsmanagement"},"content":{"rendered":"\n<p>Die Qualit\u00e4t des Kundendienstes ist unsere Priorit\u00e4t.<\/p>\n\n\n\n<p><a href=\"https:\/\/www.portimar.com\/de\/qualitaetspolitik\/\" target=\"_blank\" rel=\"noreferrer noopener\">Qualit\u00e4tspolitik<\/a><\/p>\n\n\n\n<p><a href=\"https:\/\/www.portimar.com\/de\/iso-9001-zertifikat\/\" target=\"_blank\" rel=\"noreferrer noopener\">ISO 9001-Zertifikat<\/a><\/p>\n","protected":false},"excerpt":{"rendered":"<p>Die Qualit\u00e4t des Kundendienstes ist unsere Priorit\u00e4t. Qualit\u00e4tspolitik ISO 9001-Zertifikat<\/p>\n","protected":false},"author":4,"featured_media":5645,"parent":0,"menu_order":0,"comment_status":"closed","ping_status":"closed","template":"","meta":[],"_links":{"self":[{"href":"https:\/\/www.portimar.pt\/de\/wp-json\/wp\/v2\/pages\/5740"}],"collection":[{"href":"https:\/\/www.portimar.pt\/de\/wp-json\/wp\/v2\/pages"}],"about":[{"href":"https:\/\/www.portimar.pt\/de\/wp-json\/wp\/v2\/types\/page"}],"author":[{"embeddable":true,"href":"https:\/\/www.portimar.pt\/de\/wp-json\/wp\/v2\/users\/4"}],"replies":[{"embeddable":true,"href":"https:\/\/www.portimar.pt\/de\/wp-json\/wp\/v2\/comments?post=5740"}],"version-history":[{"count":3,"href":"https:\/\/www.portimar.pt\/de\/wp-json\/wp\/v2\/pages\/5740\/revisions"}],"predecessor-version":[{"id":5771,"href":"https:\/\/www.portimar.pt\/de\/wp-json\/wp\/v2\/pages\/5740\/revisions\/5771"}],"wp:featuredmedia":[{"embeddable":true,"href":"https:\/\/www.portimar.pt\/de\/wp-json\/wp\/v2\/media\/5645"}],"wp:attachment":[{"href":"https:\/\/www.portimar.pt\/de\/wp-json\/wp\/v2\/media?parent=5740"}],"curies":[{"name":"wp","href":"https:\/\/api.w.org\/{rel}","templated":true}]}}