{"id":947,"date":"2019-07-31T22:22:05","date_gmt":"2019-07-31T22:22:05","guid":{"rendered":"https:\/\/www.portimar.com\/executive-message\/"},"modified":"2020-02-11T15:38:18","modified_gmt":"2020-02-11T15:38:18","slug":"executive-nachricht","status":"publish","type":"page","link":"https:\/\/www.portimar.pt\/de\/uber-uns\/executive-nachricht\/","title":{"rendered":"Executive-Nachricht"},"content":{"rendered":"\n<h2>Portimar mit Blick in die Zukunft<\/h2>\n\n\n\n<div class=\"wp-block-kobu-custom-blocks-responsive-spacer responsive-spacer size-small\"><\/div>\n\n\n\n<h5>Bereits seit \u00fcber drei\u00dfig Jahren auf dem Markt ist Portimar bestrebt, das auf Portugal spezialisierte Wachstum und dar\u00fcber hinaus fortsetzen.<\/h5>\n\n\n\n<div class=\"wp-block-kobu-custom-blocks-responsive-spacer responsive-spacer size-small\"><\/div>\n\n\n\n<p>Mit Niederlassungen in Portugal und Spanien stellt sich Portimar jeder Herausforderung mit Mehrwert gegen\u00fcber, sowohl f\u00fcr die geleistete Arbeit als auch f\u00fcr die St\u00e4rkung der F\u00e4higkeiten aller Teammitglieder.<\/p>\n\n\n\n<div class=\"wp-block-kobu-custom-blocks-responsive-spacer responsive-spacer size-small\"><\/div>\n\n\n\n<p>Wir bieten die besten L\u00f6sungen f\u00fcr Ihre Kunden: Von unvergesslichen Incentives bis hin zu Gruppenprogrammen, die auf die Bed\u00fcrfnisse jedes Kundentyps zugeschnitten sind, orientieren wir uns an einem engen und zug\u00e4nglichen Kontakt mit Effizienz und Schnelligkeit in der Planung.<\/p>\n\n\n\n<p><\/p>\n\n\n\n<figure class=\"wp-block-kobu-custom-blocks-custom-video media-wrapper\" data-settings=\"{&quot;webm&quot;:&quot;&quot;,&quot;mp4&quot;:&quot;https:\/\/www.portimar.com\/files\/uploads\/2019\/10\/EXECUTIVE_MESSAGE_20191028_WebRES.mp4&quot;,&quot;ogg&quot;:&quot;&quot;,&quot;track&quot;:&quot;https:\/\/www.portimar.com\/files\/uploads\/2019\/12\/EXECUTIVE_MESSAGE_CC__EN.srt&quot;,&quot;trackKind&quot;:&quot;&quot;,&quot;trackSrclang&quot;:&quot;&quot;,&quot;autoplay&quot;:false,&quot;loop&quot;:false,&quot;muted&quot;:false,&quot;controls&quot;:true,&quot;preload&quot;:&quot;metadata&quot;}\"><div class=\"video-placeholder\" style=\"background-image:url(https:\/\/www.portimar.com\/files\/uploads\/2019\/10\/Eduardo_Executive_message_thumbnail.jpg);padding-top:56.25%\"><img src=\"https:\/\/www.portimar.com\/files\/uploads\/2019\/10\/Eduardo_Executive_message_thumbnail.jpg\" alt=\"\"\/><\/div><noscript><video controls preload=\"metadata\" poster=\"https:\/\/www.portimar.com\/files\/uploads\/2019\/10\/Eduardo_Executive_message_thumbnail.jpg\"><source src=\"https:\/\/www.portimar.com\/files\/uploads\/2019\/10\/EXECUTIVE_MESSAGE_20191028_WebRES.mp4\" type=\"video\/mp4\"\/><track default kind=\"\" srclang=\"\" src=\"https:\/\/www.portimar.com\/files\/uploads\/2019\/12\/EXECUTIVE_MESSAGE_CC__EN.srt\"\/><\/video><\/noscript><\/figure>\n","protected":false},"excerpt":{"rendered":"<p>Portimar mit Blick in die Zukunft Bereits seit \u00fcber drei\u00dfig Jahren auf dem Markt ist Portimar bestrebt, das auf Portugal spezialisierte Wachstum und dar\u00fcber hinaus fortsetzen. Mit Niederlassungen in Portugal und Spanien stellt sich Portimar jeder Herausforderung mit Mehrwert gegen\u00fcber, sowohl f\u00fcr die geleistete Arbeit als auch f\u00fcr die St\u00e4rkung der F\u00e4higkeiten aller Teammitglieder. Wir [&hellip;]<\/p>\n","protected":false},"author":1,"featured_media":3644,"parent":1017,"menu_order":0,"comment_status":"closed","ping_status":"closed","template":"templates\/executive-message.php","meta":[],"_links":{"self":[{"href":"https:\/\/www.portimar.pt\/de\/wp-json\/wp\/v2\/pages\/947"}],"collection":[{"href":"https:\/\/www.portimar.pt\/de\/wp-json\/wp\/v2\/pages"}],"about":[{"href":"https:\/\/www.portimar.pt\/de\/wp-json\/wp\/v2\/types\/page"}],"author":[{"embeddable":true,"href":"https:\/\/www.portimar.pt\/de\/wp-json\/wp\/v2\/users\/1"}],"replies":[{"embeddable":true,"href":"https:\/\/www.portimar.pt\/de\/wp-json\/wp\/v2\/comments?post=947"}],"version-history":[{"count":28,"href":"https:\/\/www.portimar.pt\/de\/wp-json\/wp\/v2\/pages\/947\/revisions"}],"predecessor-version":[{"id":4373,"href":"https:\/\/www.portimar.pt\/de\/wp-json\/wp\/v2\/pages\/947\/revisions\/4373"}],"up":[{"embeddable":true,"href":"https:\/\/www.portimar.pt\/de\/wp-json\/wp\/v2\/pages\/1017"}],"wp:featuredmedia":[{"embeddable":true,"href":"https:\/\/www.portimar.pt\/de\/wp-json\/wp\/v2\/media\/3644"}],"wp:attachment":[{"href":"https:\/\/www.portimar.pt\/de\/wp-json\/wp\/v2\/media?parent=947"}],"curies":[{"name":"wp","href":"https:\/\/api.w.org\/{rel}","templated":true}]}}