{"id":985,"date":"2019-07-24T17:32:27","date_gmt":"2019-07-24T17:32:27","guid":{"rendered":"https:\/\/www.portimar.com\/incentives\/"},"modified":"2020-02-11T15:55:46","modified_gmt":"2020-02-11T15:55:46","slug":"mice","status":"publish","type":"page","link":"https:\/\/www.portimar.pt\/de\/unsere-dienstleistungen\/mice\/","title":{"rendered":"Mice"},"content":{"rendered":"\n<h4>Es gibt keine Grenzen, nur L\u00f6sungen.&nbsp;<\/h4>\n\n\n\n<div class=\"wp-block-kobu-custom-blocks-responsive-spacer responsive-spacer size-custom\" style=\"height:undefinedpx\"><\/div>\n\n\n\n<p>Wir bieten einfallsreiche und kosteng\u00fcnstige Programme an, in Verbindung mit der Exzellenz unserer Dienstleistungen. Wir finden f\u00fcr jede Gruppe den perfekten Veranstaltungsort, tolle Unterhaltung und die richtigen Aktivit\u00e4ten.<\/p>\n\n\n\n<div class=\"wp-block-kobu-custom-blocks-responsive-spacer responsive-spacer size-custom\" style=\"height:undefinedpx\"><\/div>\n\n\n\n<p>Die Programmvielfalt reicht von unterhaltsam und motivierend, ideal zum Aufbau von Unternehmensteams, bis hin zum Kreativsten, von kulturellen Themen bis hin zu Produkteinf\u00fchrungen und Sonderveranstaltungen.<\/p>\n\n\n\n<div class=\"wp-block-kobu-custom-blocks-responsive-spacer responsive-spacer size-custom\" style=\"height:undefinedpx\"><\/div>\n\n\n\n<p>Wir bieten L\u00f6sungen f\u00fcr jedes Problem. Unser Team besteht aus professionellen, kreativen und engagierten Spezialisten, die das Konzept jedes Programms auf Grundlage der Interessen und W\u00fcnsche jedes Kunden entwerfen und bearbeiten.<\/p>\n\n\n\n<div class=\"wp-block-kobu-custom-blocks-responsive-spacer responsive-spacer size-custom\" style=\"height:undefinedpx\"><\/div>\n\n\n\n<p>Was auch immer Ihre Bed\u00fcrfnisse sind, wir bieten Ihnen Kreativit\u00e4t, Wissen und Engagement, um Ihre Erfahrung so aufregend und einzigartig wie m\u00f6glich zu machen, w\u00e4hrend das Projekt p\u00fcnktlich und im Rahmen des Budgets durchgef\u00fchrt wird.<\/p>\n\n\n\n<div class=\"wp-block-kobu-custom-blocks-responsive-spacer responsive-spacer size-small\"><\/div>\n\n\n\n<ul class=\"wp-block-gallery columns-1 is-cropped\"><li class=\"blocks-gallery-item\"><figure><img loading=\"lazy\" width=\"1024\" height=\"683\" src=\"https:\/\/www.portimar.com\/files\/uploads\/2019\/10\/headway-5QgIuuBxKwM-unsplash-1024x683.jpg\" alt=\"\" data-id=\"3717\" data-link=\"https:\/\/www.portimar.com\/our-services\/mice\/headway-5qgiuubxkwm-unsplash\/\" class=\"wp-image-3717\" srcset=\"https:\/\/www.portimar.pt\/files\/uploads\/2019\/10\/headway-5QgIuuBxKwM-unsplash-1024x683.jpg 1024w, https:\/\/www.portimar.pt\/files\/uploads\/2019\/10\/headway-5QgIuuBxKwM-unsplash-300x200.jpg 300w, https:\/\/www.portimar.pt\/files\/uploads\/2019\/10\/headway-5QgIuuBxKwM-unsplash-768x512.jpg 768w, https:\/\/www.portimar.pt\/files\/uploads\/2019\/10\/headway-5QgIuuBxKwM-unsplash.jpg 1920w\" sizes=\"(max-width: 1024px) 100vw, 1024px\" \/><\/figure><\/li><\/ul>\n\n\n\n<div class=\"wp-block-kobu-custom-blocks-responsive-spacer responsive-spacer size-small\"><\/div>\n\n\n\n<h5>Besprechungen<\/h5>\n\n\n\n<p>In Bezug auf Unternehmenswerte und -ziele erstellen wir ma\u00dfgeschneiderte L\u00f6sungen f\u00fcr Ihre Meetings, immer basierend auf dem tats\u00e4chlichen Kontext Ihrer Branche.<\/p>\n\n\n\n<div class=\"wp-block-kobu-custom-blocks-responsive-spacer responsive-spacer size-small\"><\/div>\n\n\n\n<figure class=\"wp-block-image\"><img loading=\"lazy\" width=\"1024\" height=\"684\" src=\"https:\/\/www.portimar.com\/files\/uploads\/2019\/10\/Sala_Estar_Reuniao_Mesa_unica_1-1024x684.jpg\" alt=\"\" class=\"wp-image-3981\" srcset=\"https:\/\/www.portimar.pt\/files\/uploads\/2019\/10\/Sala_Estar_Reuniao_Mesa_unica_1-1024x684.jpg 1024w, https:\/\/www.portimar.pt\/files\/uploads\/2019\/10\/Sala_Estar_Reuniao_Mesa_unica_1-300x200.jpg 300w, https:\/\/www.portimar.pt\/files\/uploads\/2019\/10\/Sala_Estar_Reuniao_Mesa_unica_1-768x513.jpg 768w, https:\/\/www.portimar.pt\/files\/uploads\/2019\/10\/Sala_Estar_Reuniao_Mesa_unica_1.jpg 1500w\" sizes=\"(max-width: 1024px) 100vw, 1024px\" \/><\/figure>\n\n\n\n<div class=\"wp-block-kobu-custom-blocks-responsive-spacer responsive-spacer size-small\"><\/div>\n\n\n\n<h5>Incentives<\/h5>\n\n\n\n<p>Portimar ist auf die Erstellung von Programmen f\u00fcr Unternehmen spezialisiert, die Mitarbeiter belohnen m\u00f6chten, die Leistungserwartungen erf\u00fcllen oder \u00fcbertreffen.<\/p>\n\n\n\n<div class=\"wp-block-kobu-custom-blocks-responsive-spacer responsive-spacer size-small\"><\/div>\n\n\n\n<div class=\"wp-block-kobu-custom-blocks-slider-gallery slider-gallery gallery-container hidden\"><div class=\"gallery\" role=\"list\"><div class=\"slide\" role=\"listitem\"><div class=\"figure-wrapper\" style=\"background-image:url(https:\/\/www.portimar.com\/files\/uploads\/2019\/10\/ashim-d-silva-UjxL9x0nwQ8-unsplash.jpg)\"><figure><img src=\"https:\/\/www.portimar.com\/files\/uploads\/2019\/10\/ashim-d-silva-UjxL9x0nwQ8-unsplash.jpg\" alt=\"\"\/><\/figure><\/div><\/div><div class=\"slide\" role=\"listitem\"><div class=\"figure-wrapper\" style=\"background-image:url(https:\/\/www.portimar.com\/files\/uploads\/2019\/10\/margarida-csilva-cQCqoTjr0B4-unsplash.jpg)\"><figure><img src=\"https:\/\/www.portimar.com\/files\/uploads\/2019\/10\/margarida-csilva-cQCqoTjr0B4-unsplash.jpg\" alt=\"\"\/><\/figure><\/div><\/div><div class=\"slide\" role=\"listitem\"><div class=\"figure-wrapper\" style=\"background-image:url(https:\/\/www.portimar.com\/files\/uploads\/2019\/10\/ridwan-meah-_wtP2TIJLuA-unsplash.jpg)\"><figure><img src=\"https:\/\/www.portimar.com\/files\/uploads\/2019\/10\/ridwan-meah-_wtP2TIJLuA-unsplash.jpg\" alt=\"\"\/><\/figure><\/div><\/div><div class=\"slide\" role=\"listitem\"><div class=\"figure-wrapper\" style=\"background-image:url(https:\/\/www.portimar.com\/files\/uploads\/2019\/10\/kimson-doan-AZMmUy2qL6A-unsplash.jpg)\"><figure><img src=\"https:\/\/www.portimar.com\/files\/uploads\/2019\/10\/kimson-doan-AZMmUy2qL6A-unsplash.jpg\" alt=\"\"\/><\/figure><\/div><\/div><div class=\"slide\" role=\"listitem\"><div class=\"figure-wrapper\" style=\"background-image:url(https:\/\/www.portimar.com\/files\/uploads\/2019\/10\/jakob-owens-udKo35y6LFY-unsplash.jpg)\"><figure><img src=\"https:\/\/www.portimar.com\/files\/uploads\/2019\/10\/jakob-owens-udKo35y6LFY-unsplash.jpg\" alt=\"\"\/><\/figure><\/div><\/div><\/div><\/div>\n\n\n\n<div class=\"wp-block-kobu-custom-blocks-responsive-spacer responsive-spacer size-small\"><\/div>\n\n\n\n<h5>Konferenzen<\/h5>\n\n\n\n<p>Wir konzentrieren uns darauf, die erfolgreichsten, profitabelsten und unvergesslichsten Konferenzen abzuhalten. Portimar fungiert als Ihr Partner, der Sie bei der Erstellung und Verwaltung des Konferenzbetriebs unterst\u00fctzt. Das Organisationskomitee der Konferenz kann sich auf die Planung und Durchf\u00fchrung des eigentlichen Programminhalts konzentrieren.<\/p>\n\n\n\n<div class=\"wp-block-kobu-custom-blocks-responsive-spacer responsive-spacer size-custom\" style=\"height:undefinedpx\"><\/div>\n\n\n\n<p>Portimar unterst\u00fctzt Sie bei der Budgetplanung, mit einem Sekretariatsservice und kompetenter Beratung bei der Auswahl von Unterk\u00fcnften, gesellschaftlichen Veranstaltungen und einer Reihe komplexer Bereiche, die mit der Organisation in den Schl\u00fcsselbereichen einer Konferenz verbunden sind.<\/p>\n\n\n\n<div class=\"wp-block-kobu-custom-blocks-responsive-spacer responsive-spacer size-small\"><\/div>\n\n\n\n<div class=\"wp-block-kobu-custom-blocks-slider-gallery slider-gallery gallery-container hidden\"><div class=\"gallery\" role=\"list\"><div class=\"slide\" role=\"listitem\"><div class=\"figure-wrapper\" style=\"background-image:url(https:\/\/www.portimar.com\/files\/uploads\/2019\/10\/the-climate-reality-project-Hb6uWq0i4MI-unsplash.jpg)\"><figure><img src=\"https:\/\/www.portimar.com\/files\/uploads\/2019\/10\/the-climate-reality-project-Hb6uWq0i4MI-unsplash.jpg\" alt=\"\"\/><\/figure><\/div><\/div><div class=\"slide\" role=\"listitem\"><div class=\"figure-wrapper\" style=\"background-image:url(https:\/\/www.portimar.com\/files\/uploads\/2019\/10\/teemu-paananen-bzdhc5b3Bxs-unsplash.jpg)\"><figure><img src=\"https:\/\/www.portimar.com\/files\/uploads\/2019\/10\/teemu-paananen-bzdhc5b3Bxs-unsplash.jpg\" alt=\"\"\/><\/figure><\/div><\/div><div class=\"slide\" role=\"listitem\"><div class=\"figure-wrapper\" style=\"background-image:url(https:\/\/www.portimar.com\/files\/uploads\/2019\/10\/headway-F2KRf_QfCqw-unsplash.jpg)\"><figure><img src=\"https:\/\/www.portimar.com\/files\/uploads\/2019\/10\/headway-F2KRf_QfCqw-unsplash.jpg\" alt=\"\"\/><\/figure><\/div><\/div><\/div><\/div>\n\n\n\n<div class=\"wp-block-kobu-custom-blocks-responsive-spacer responsive-spacer size-small\"><\/div>\n\n\n\n<h5>Ereignisse<\/h5>\n\n\n\n<div class=\"wp-block-kobu-custom-blocks-responsive-spacer responsive-spacer size-small\"><\/div>\n\n\n\n<div class=\"wp-block-kobu-custom-blocks-slider-gallery slider-gallery gallery-container hidden\"><div class=\"gallery\" role=\"list\"><div class=\"slide\" role=\"listitem\"><div class=\"figure-wrapper\" style=\"background-image:url(https:\/\/www.portimar.com\/files\/uploads\/2019\/10\/Eventos.jpg)\"><figure><img src=\"https:\/\/www.portimar.com\/files\/uploads\/2019\/10\/Eventos.jpg\" alt=\"\"\/><\/figure><\/div><\/div><div class=\"slide\" role=\"listitem\"><div class=\"figure-wrapper\" style=\"background-image:url(https:\/\/www.portimar.com\/files\/uploads\/2019\/10\/jakob-dalbjorn-cuKJre3nyYc-unsplash.jpg)\"><figure><img src=\"https:\/\/www.portimar.com\/files\/uploads\/2019\/10\/jakob-dalbjorn-cuKJre3nyYc-unsplash.jpg\" alt=\"\"\/><\/figure><\/div><\/div><div class=\"slide\" role=\"listitem\"><div class=\"figure-wrapper\" style=\"background-image:url(https:\/\/www.portimar.com\/files\/uploads\/2019\/10\/luigi-pozzoli-34Xicn82lY4-unsplash.jpg)\"><figure><img src=\"https:\/\/www.portimar.com\/files\/uploads\/2019\/10\/luigi-pozzoli-34Xicn82lY4-unsplash.jpg\" alt=\"\"\/><\/figure><\/div><\/div><\/div><\/div>\n\n\n\n<div class=\"wp-block-kobu-custom-blocks-responsive-spacer responsive-spacer size-small\"><\/div>\n\n\n\n<p>Unser Team ist engagiert und bem\u00fcht, einzigartige und gut durchdachte Programme f\u00fcr Ihre Veranstaltung bereitzustellen, in dem wir vorgefertigte Ideen und strategische Inhalte anbieten.<\/p>\n","protected":false},"excerpt":{"rendered":"<p>Es gibt keine Grenzen, nur L\u00f6sungen.&nbsp; Wir bieten einfallsreiche und kosteng\u00fcnstige Programme an, in Verbindung mit der Exzellenz unserer Dienstleistungen. Wir finden f\u00fcr jede Gruppe den perfekten Veranstaltungsort, tolle Unterhaltung und die richtigen Aktivit\u00e4ten. Die Programmvielfalt reicht von unterhaltsam und motivierend, ideal zum Aufbau von Unternehmensteams, bis hin zum Kreativsten, von kulturellen Themen bis hin [&hellip;]<\/p>\n","protected":false},"author":1,"featured_media":3722,"parent":996,"menu_order":0,"comment_status":"closed","ping_status":"closed","template":"","meta":[],"_links":{"self":[{"href":"https:\/\/www.portimar.pt\/de\/wp-json\/wp\/v2\/pages\/985"}],"collection":[{"href":"https:\/\/www.portimar.pt\/de\/wp-json\/wp\/v2\/pages"}],"about":[{"href":"https:\/\/www.portimar.pt\/de\/wp-json\/wp\/v2\/types\/page"}],"author":[{"embeddable":true,"href":"https:\/\/www.portimar.pt\/de\/wp-json\/wp\/v2\/users\/1"}],"replies":[{"embeddable":true,"href":"https:\/\/www.portimar.pt\/de\/wp-json\/wp\/v2\/comments?post=985"}],"version-history":[{"count":13,"href":"https:\/\/www.portimar.pt\/de\/wp-json\/wp\/v2\/pages\/985\/revisions"}],"predecessor-version":[{"id":4503,"href":"https:\/\/www.portimar.pt\/de\/wp-json\/wp\/v2\/pages\/985\/revisions\/4503"}],"up":[{"embeddable":true,"href":"https:\/\/www.portimar.pt\/de\/wp-json\/wp\/v2\/pages\/996"}],"wp:featuredmedia":[{"embeddable":true,"href":"https:\/\/www.portimar.pt\/de\/wp-json\/wp\/v2\/media\/3722"}],"wp:attachment":[{"href":"https:\/\/www.portimar.pt\/de\/wp-json\/wp\/v2\/media?parent=985"}],"curies":[{"name":"wp","href":"https:\/\/api.w.org\/{rel}","templated":true}]}}