{"id":4431,"date":"2020-02-04T16:31:03","date_gmt":"2020-02-04T16:31:03","guid":{"rendered":"https:\/\/www.portimar.com\/homepage\/monsaraz\/"},"modified":"2020-02-11T14:05:30","modified_gmt":"2020-02-11T14:05:30","slug":"monsaraz","status":"publish","type":"page","link":"https:\/\/www.portimar.pt\/es\/homepage\/monsaraz\/","title":{"rendered":"Monsaraz"},"content":{"rendered":"\n<h4>Descubrir Monsaraz es viajar al pasado y disfrutar de la historia en el presente. \u00a1Y hay tanto que ver y que sentir en esta cautivadora m\u00e1quina del tiempo ubicada en pleno coraz\u00f3n del Alentejo!<\/h4>\n\n\n\n<p>Gracias a su privilegiada ubicaci\u00f3n en la cima de una colina con vistas al Guadiana y a la frontera con Espa\u00f1a, Monsaraz siempre ha sido un enclave codiciado por m\u00faltiples civilizaciones, que se han disputado su dominio desde tiempos prehist\u00f3ricos. En la regi\u00f3n, se registran varios cientos de yacimientos arqueol\u00f3gicos de los periodos Paleol\u00edtico, Neol\u00edtico, Calcol\u00edtico, Edad del Bronce y Edad del Hierro.<\/p>\n\n\n\n<p>Las murallas que rodean el pueblo albergan una acogedora poblaci\u00f3n en la que la luz acaricia las casas pintorescas y tradicionales de los hospitalarios habitantes de esta regi\u00f3n. En cualquier restaurante, se recibe al visitante con el cante alentejano, declarado Patrimonio Inmaterial de la Humanidad por la Unesco en el a\u00f1o 2014. <\/p>\n\n\n\n<div class=\"wp-block-kobu-custom-blocks-responsive-spacer responsive-spacer size-small\"><\/div>\n\n\n\n<div class=\"wp-block-kobu-custom-blocks-slider-gallery slider-gallery gallery-container hidden\"><div class=\"gallery\" role=\"list\"><div class=\"slide\" role=\"listitem\"><div class=\"figure-wrapper\" style=\"background-image:url(https:\/\/www.portimar.com\/files\/uploads\/2019\/09\/Alentejo_Monsaraz_shutterstock_326097908-1.jpg)\"><figure><img src=\"https:\/\/www.portimar.com\/files\/uploads\/2019\/09\/Alentejo_Monsaraz_shutterstock_326097908-1.jpg\" alt=\"\"\/><\/figure><\/div><\/div><div class=\"slide\" role=\"listitem\"><div class=\"figure-wrapper\" style=\"background-image:url(https:\/\/www.portimar.com\/files\/uploads\/2019\/09\/703A2683-1.jpg)\"><figure><img src=\"https:\/\/www.portimar.com\/files\/uploads\/2019\/09\/703A2683-1.jpg\" alt=\"\"\/><\/figure><\/div><\/div><div class=\"slide\" role=\"listitem\"><div class=\"figure-wrapper\" style=\"background-image:url(https:\/\/www.portimar.com\/files\/uploads\/2019\/09\/Amanhecer-no-Lago-1.jpg)\"><figure><img src=\"https:\/\/www.portimar.com\/files\/uploads\/2019\/09\/Amanhecer-no-Lago-1.jpg\" alt=\"\"\/><\/figure><\/div><\/div><div class=\"slide\" role=\"listitem\"><div class=\"figure-wrapper\" style=\"background-image:url(https:\/\/www.portimar.com\/files\/uploads\/2019\/09\/Dark-Sky-Anta-Olival-da-Pega-1.jpg)\"><figure><img src=\"https:\/\/www.portimar.com\/files\/uploads\/2019\/09\/Dark-Sky-Anta-Olival-da-Pega-1.jpg\" alt=\"\"\/><\/figure><\/div><\/div><\/div><\/div>\n\n\n\n<div class=\"wp-block-kobu-custom-blocks-responsive-spacer responsive-spacer size-small\"><\/div>\n\n\n\n<p>Monsaraz es tambi\u00e9n uno de los principales destinos de turismo astron\u00f3mico de Portugal.  La reserva Dark Sky Alqueva fue la primera del mundo en obtener la certificaci\u00f3n Starlight Tourism Destination, que atestigua las caracter\u00edsticas \u00fanicas del cielo nocturno de este pueblo alentejano.<br><br>A aquellos que se aventuren a descubrir sus estrechas calles, sus soleados rincones y esquinas o sus construcciones elevadas, como el Campanario y la Torre das Feiticeiras, seguro que les invadir\u00e1 una sensaci\u00f3n de asombro y sorpresa provocada por el magn\u00edfico y tradicional paisaje ahora enriquecido por la belleza del Gran Lago Alqueva.<br><br>Adem\u00e1s de los factores ambientales que resultan de la combinaci\u00f3n de las influencias mediterr\u00e1neas y atl\u00e1nticas, con una riqueza de colores que var\u00eda en funci\u00f3n de los ciclos naturales y de las estaciones del a\u00f1o, la gastronom\u00eda, que se caracteriza por el uso y la combinaci\u00f3n de hierbas arom\u00e1ticas, aceite y pan, es tambi\u00e9n uno de los platos fuertes de esta regi\u00f3n. Por lo tanto, la presencia en la mesa de pan tradicional alentejano, aceitunas, queso y embutidos es obligatoria.<\/p>\n\n\n\n<div class=\"wp-block-kobu-custom-blocks-responsive-spacer responsive-spacer size-medium\"><\/div>\n\n\n\n<figure class=\"wp-block-embed-youtube wp-block-embed is-type-video is-provider-youtube wp-embed-aspect-16-9 wp-has-aspect-ratio\"><div class=\"wp-block-embed__wrapper\">\n<div class=\"youtube embed-container youtube\"><div class=\"video-placeholder\" style=\"background-image: url(https:\/\/img.youtube.com\/vi\/Ul-thTglyT0\/hqdefault.jpg);\"><\/div><div class=\"iframe youtube-video\" title=\"Monsaraz &amp; Alqueva aerial view - 4K Ultra HD\" data-iframe-src=\"Ul-thTglyT0\" data-iframe-origin=\"https:\/\/www.portimar.pt\/es\/\" data-iframe-start=\"430\"><noscript><iframe loading=\"lazy\" class=\"youtube-video\" title=\"Youtube video\" width=\"640\" height=\"360\" src=\"https:\/\/www.youtube.com\/embed\/Ul-thTglyT0?start=430&#038;modestbranding=1&#038;showinfo=0&#038;rel=0&#038;enablejsapi=1&#038;origin=https:\/\/www.portimar.pt\/es\/\" webkitallowfullscreen mozallowfullscreen allowfullscreen> <\/iframe><\/noscript><\/div><\/div>\n<\/div><\/figure>\n","protected":false},"excerpt":{"rendered":"<p>Descubrir Monsaraz es viajar al pasado y disfrutar de la historia en el presente. \u00a1Y hay tanto que ver y que sentir en esta cautivadora m\u00e1quina del tiempo ubicada en pleno coraz\u00f3n del Alentejo! Gracias a su privilegiada ubicaci\u00f3n en la cima de una colina con vistas al Guadiana y a la frontera con Espa\u00f1a, [&hellip;]<\/p>\n","protected":false},"author":2,"featured_media":2660,"parent":953,"menu_order":0,"comment_status":"closed","ping_status":"closed","template":"templates\/location.php","meta":[],"_links":{"self":[{"href":"https:\/\/www.portimar.pt\/es\/wp-json\/wp\/v2\/pages\/4431"}],"collection":[{"href":"https:\/\/www.portimar.pt\/es\/wp-json\/wp\/v2\/pages"}],"about":[{"href":"https:\/\/www.portimar.pt\/es\/wp-json\/wp\/v2\/types\/page"}],"author":[{"embeddable":true,"href":"https:\/\/www.portimar.pt\/es\/wp-json\/wp\/v2\/users\/2"}],"replies":[{"embeddable":true,"href":"https:\/\/www.portimar.pt\/es\/wp-json\/wp\/v2\/comments?post=4431"}],"version-history":[{"count":4,"href":"https:\/\/www.portimar.pt\/es\/wp-json\/wp\/v2\/pages\/4431\/revisions"}],"predecessor-version":[{"id":4438,"href":"https:\/\/www.portimar.pt\/es\/wp-json\/wp\/v2\/pages\/4431\/revisions\/4438"}],"up":[{"embeddable":true,"href":"https:\/\/www.portimar.pt\/es\/wp-json\/wp\/v2\/pages\/953"}],"wp:featuredmedia":[{"embeddable":true,"href":"https:\/\/www.portimar.pt\/es\/wp-json\/wp\/v2\/media\/2660"}],"wp:attachment":[{"href":"https:\/\/www.portimar.pt\/es\/wp-json\/wp\/v2\/media?parent=4431"}],"curies":[{"name":"wp","href":"https:\/\/api.w.org\/{rel}","templated":true}]}}