{"id":4473,"date":"2020-02-05T15:57:20","date_gmt":"2020-02-05T15:57:20","guid":{"rendered":"https:\/\/www.portimar.com\/nuestros-servicios\/online-connectivity\/"},"modified":"2020-02-11T15:57:59","modified_gmt":"2020-02-11T15:57:59","slug":"conectividad-online","status":"publish","type":"page","link":"https:\/\/www.portimar.pt\/es\/nuestros-servicios\/conectividad-online\/","title":{"rendered":"Conectividad Online"},"content":{"rendered":"\n<h4>En un mundo cada vez m\u00e1s globalizado, el sector tur\u00edstico est\u00e1 conformado por la tecnolog\u00eda y requiere una supervisi\u00f3n y adaptaci\u00f3n constantes a los nuevos desarrollos tecnol\u00f3gicos y modelos de negocios.<\/h4>\n\n\n\n<div class=\"wp-block-kobu-custom-blocks-responsive-spacer responsive-spacer size-custom\" style=\"height:undefinedpx\"><\/div>\n\n\n\n<p>Ofrecemos las mejores soluciones tecnol\u00f3gicas a nuestros socios y clientes y, paralelamente, tenemos un profundo conocimiento y una visi\u00f3n clara del sector, lo que nos permite mejorar el producto y distribuirlo de manera adecuada a cada cliente, siempre con la m\u00e1xima rentabilidad. <\/p>\n\n\n\n<div class=\"wp-block-kobu-custom-blocks-responsive-spacer responsive-spacer size-small\"><\/div>\n\n\n\n<figure class=\"wp-block-image\"><img loading=\"lazy\" width=\"1024\" height=\"683\" src=\"https:\/\/www.portimar.com\/files\/uploads\/2019\/10\/thomas-lefebvre-gp8BLyaTaA0-unsplash-1024x683.jpg\" alt=\"\" class=\"wp-image-3459\" srcset=\"https:\/\/www.portimar.pt\/files\/uploads\/2019\/10\/thomas-lefebvre-gp8BLyaTaA0-unsplash-1024x683.jpg 1024w, https:\/\/www.portimar.pt\/files\/uploads\/2019\/10\/thomas-lefebvre-gp8BLyaTaA0-unsplash-300x200.jpg 300w, https:\/\/www.portimar.pt\/files\/uploads\/2019\/10\/thomas-lefebvre-gp8BLyaTaA0-unsplash-768x512.jpg 768w, https:\/\/www.portimar.pt\/files\/uploads\/2019\/10\/thomas-lefebvre-gp8BLyaTaA0-unsplash.jpg 1920w\" sizes=\"(max-width: 1024px) 100vw, 1024px\" \/><\/figure>\n\n\n\n<div class=\"wp-block-kobu-custom-blocks-responsive-spacer responsive-spacer size-small\"><\/div>\n\n\n\n<p>Contamos con un equipo con experiencia en esta \u00e1rea y amplia experiencia, que acompa\u00f1a a nuestros clientes durante todo el proceso de integraci\u00f3n, realizando una supervisi\u00f3n y mantenimiento constantes para maximizar su rendimiento.<\/p>\n\n\n\n<div class=\"wp-block-kobu-custom-blocks-responsive-spacer responsive-spacer size-custom\" style=\"height:undefinedpx\"><\/div>\n\n\n\n<p>Nuestro objetivo en cada proceso de integraci\u00f3n es ofrecer el producto adecuado a cada cliente en las mejores condiciones.<\/p>\n\n\n\n<div class=\"wp-block-kobu-custom-blocks-responsive-spacer responsive-spacer size-medium\"><\/div>\n","protected":false},"excerpt":{"rendered":"<p>En un mundo cada vez m\u00e1s globalizado, el sector tur\u00edstico est\u00e1 conformado por la tecnolog\u00eda y requiere una supervisi\u00f3n y adaptaci\u00f3n constantes a los nuevos desarrollos tecnol\u00f3gicos y modelos de negocios. Ofrecemos las mejores soluciones tecnol\u00f3gicas a nuestros socios y clientes y, paralelamente, tenemos un profundo conocimiento y una visi\u00f3n clara del sector, lo que [&hellip;]<\/p>\n","protected":false},"author":2,"featured_media":3458,"parent":995,"menu_order":0,"comment_status":"closed","ping_status":"closed","template":"","meta":[],"_links":{"self":[{"href":"https:\/\/www.portimar.pt\/es\/wp-json\/wp\/v2\/pages\/4473"}],"collection":[{"href":"https:\/\/www.portimar.pt\/es\/wp-json\/wp\/v2\/pages"}],"about":[{"href":"https:\/\/www.portimar.pt\/es\/wp-json\/wp\/v2\/types\/page"}],"author":[{"embeddable":true,"href":"https:\/\/www.portimar.pt\/es\/wp-json\/wp\/v2\/users\/2"}],"replies":[{"embeddable":true,"href":"https:\/\/www.portimar.pt\/es\/wp-json\/wp\/v2\/comments?post=4473"}],"version-history":[{"count":3,"href":"https:\/\/www.portimar.pt\/es\/wp-json\/wp\/v2\/pages\/4473\/revisions"}],"predecessor-version":[{"id":4479,"href":"https:\/\/www.portimar.pt\/es\/wp-json\/wp\/v2\/pages\/4473\/revisions\/4479"}],"up":[{"embeddable":true,"href":"https:\/\/www.portimar.pt\/es\/wp-json\/wp\/v2\/pages\/995"}],"wp:featuredmedia":[{"embeddable":true,"href":"https:\/\/www.portimar.pt\/es\/wp-json\/wp\/v2\/media\/3458"}],"wp:attachment":[{"href":"https:\/\/www.portimar.pt\/es\/wp-json\/wp\/v2\/media?parent=4473"}],"curies":[{"name":"wp","href":"https:\/\/api.w.org\/{rel}","templated":true}]}}