{"id":4950,"date":"2020-06-03T21:58:56","date_gmt":"2020-06-03T21:58:56","guid":{"rendered":"https:\/\/www.portimar.com\/informacion-en-relacion-al-covid-19\/reglas-generales\/"},"modified":"2020-06-18T19:05:52","modified_gmt":"2020-06-18T19:05:52","slug":"reglas-generales","status":"publish","type":"page","link":"https:\/\/www.portimar.pt\/es\/informacion-en-relacion-al-covid-19\/reglas-generales\/","title":{"rendered":"Reglas Generales"},"content":{"rendered":"\n<p>Estas son las normas generales vigentes en Portugal:<\/p>\n\n\n\n<ul><li>Se proh\u00edben todos los eventos con m\u00e1s de 10 personas.<\/li><li>Transporte p\u00fablico \u2013 m\u00e1ximo de 2\/3 de la capacidad total y usar mascarillas. En los taxis\/TVDE, los asientos delanteros deben utilizarse \u00fanicamente por el conductor, y la ocupaci\u00f3n de los pasajeros no puede exceder 2\/3 del espacio restante.<\/li><li>Las citas deben programarse con antelaci\u00f3n para las oficinas de impuestos, conservatorios y otras oficinas p\u00fablicas.<\/li><li>Los negocios no pueden estar ocupados por m\u00e1s de 4 personas por cada 100 metros cuadrados (excluyendo empleados).<\/li><li><a href=\"https:\/\/www.portimar.com\/files\/uploads\/2020\/06\/RulesForBeaches-DE.jpg\" target=\"_blank\" aria-label=\"La temporada de playa (opens in a new tab)\" rel=\"noreferrer noopener\" class=\"aioseop-link\">La temporada de playa<\/a> empezar\u00e1 el 6 de junio con las siguientes limitaciones::<ul><li>Grupos limitados a 5 personas;<\/li><li>Todas las actividades deportivas est\u00e1n prohibidas, excepto si se realizan en el agua;<\/li><li>1,5 m de distancia social;<\/li><li>3 m de distancia entre toallas o hamacas;<\/li><li>La aplicaci\u00f3n &#8220;Info Praia&#8221; (Informaci\u00f3n de la playa) tendr\u00e1 tres colores: verde (ocupaci\u00f3n de 1\/3), amarillo (ocupaci\u00f3n de 2\/3) y rojo (ocupaci\u00f3n completa). Estos colores identificar\u00e1n el nivel de ocupaci\u00f3n de cada playa.<\/li><li>El estacionamiento de autom\u00f3viles solo se permitir\u00e1 en las \u00e1reas designadas;<\/li><li>Habr\u00e1 algunos carriles o marcas de direcci\u00f3n de circulaci\u00f3n, por los que las personas no se cruzar\u00e1n y podr\u00e1n mantener las distancias mientras caminan;<\/li><\/ul><\/li><\/ul>\n\n\n\n<p><strong>Medidas de higiene y sanidad<\/strong><\/p>\n\n\n\n<p>Para evitar la propagaci\u00f3n del virus y la posibilidad de contagio, todos los servicios deben tomar medidas de higiene y sanidad de acuerdo con las instrucciones de la Direcci\u00f3n General de Salud, con recomendaciones espec\u00edficas para diversos sectores de actividad.<\/p>\n\n\n\n<figure class=\"wp-block-embed-youtube wp-block-embed is-type-video is-provider-youtube wp-embed-aspect-16-9 wp-has-aspect-ratio\"><div class=\"wp-block-embed__wrapper\">\n<div class=\"youtube embed-container youtube\"><div class=\"video-placeholder\" style=\"background-image: url(https:\/\/img.youtube.com\/vi\/cCPeTdFjOOg\/hqdefault.jpg);\"><\/div><div class=\"iframe youtube-video\" title=\"Portimar\" data-iframe-src=\"cCPeTdFjOOg\" data-iframe-origin=\"https:\/\/www.portimar.pt\/es\/\" data-iframe-start=\"0\"><noscript><iframe loading=\"lazy\" class=\"youtube-video\" title=\"Youtube video\" width=\"640\" height=\"360\" src=\"https:\/\/www.youtube.com\/embed\/cCPeTdFjOOg?modestbranding=1&#038;showinfo=0&#038;rel=0&#038;enablejsapi=1&#038;origin=https:\/\/www.portimar.pt\/es\/\" webkitallowfullscreen mozallowfullscreen allowfullscreen> <\/iframe><\/noscript><\/div><\/div>\n<\/div><\/figure>\n","protected":false},"excerpt":{"rendered":"<p>Estas son las normas generales vigentes en Portugal: Se proh\u00edben todos los eventos con m\u00e1s de 10 personas. Transporte p\u00fablico \u2013 m\u00e1ximo de 2\/3 de la capacidad total y usar mascarillas. En los taxis\/TVDE, los asientos delanteros deben utilizarse \u00fanicamente por el conductor, y la ocupaci\u00f3n de los pasajeros no puede exceder 2\/3 del espacio [&hellip;]<\/p>\n","protected":false},"author":3,"featured_media":5164,"parent":4932,"menu_order":0,"comment_status":"closed","ping_status":"closed","template":"","meta":[],"_links":{"self":[{"href":"https:\/\/www.portimar.pt\/es\/wp-json\/wp\/v2\/pages\/4950"}],"collection":[{"href":"https:\/\/www.portimar.pt\/es\/wp-json\/wp\/v2\/pages"}],"about":[{"href":"https:\/\/www.portimar.pt\/es\/wp-json\/wp\/v2\/types\/page"}],"author":[{"embeddable":true,"href":"https:\/\/www.portimar.pt\/es\/wp-json\/wp\/v2\/users\/3"}],"replies":[{"embeddable":true,"href":"https:\/\/www.portimar.pt\/es\/wp-json\/wp\/v2\/comments?post=4950"}],"version-history":[{"count":4,"href":"https:\/\/www.portimar.pt\/es\/wp-json\/wp\/v2\/pages\/4950\/revisions"}],"predecessor-version":[{"id":5148,"href":"https:\/\/www.portimar.pt\/es\/wp-json\/wp\/v2\/pages\/4950\/revisions\/5148"}],"up":[{"embeddable":true,"href":"https:\/\/www.portimar.pt\/es\/wp-json\/wp\/v2\/pages\/4932"}],"wp:featuredmedia":[{"embeddable":true,"href":"https:\/\/www.portimar.pt\/es\/wp-json\/wp\/v2\/media\/5164"}],"wp:attachment":[{"href":"https:\/\/www.portimar.pt\/es\/wp-json\/wp\/v2\/media?parent=4950"}],"curies":[{"name":"wp","href":"https:\/\/api.w.org\/{rel}","templated":true}]}}