{"id":5776,"date":"2023-10-30T14:40:58","date_gmt":"2023-10-30T14:40:58","guid":{"rendered":"https:\/\/www.portimar.com\/?page_id=5776"},"modified":"2023-10-30T15:14:24","modified_gmt":"2023-10-30T15:14:24","slug":"el-camino-hacia-la-sostenibilidad","status":"publish","type":"page","link":"https:\/\/www.portimar.pt\/es\/el-camino-hacia-la-sostenibilidad\/","title":{"rendered":"El camino hacia la Sostenibilidad"},"content":{"rendered":"\n<p>Todo viaje tiene un principio y nosotros ya hemos dado los primeros pasos:<\/p>\n\n\n\n<ul><li><a href=\"https:\/\/www.portimar.com\/es\/mision-vision-y-valores\/\" target=\"_blank\" rel=\"noreferrer noopener\">Misi\u00f3n, Visi\u00f3n y Valores<\/a><\/li><\/ul>\n\n\n\n<ul><li><a href=\"https:\/\/www.portimar.com\/es\/politica-de-sostenibilidad\/\" target=\"_blank\" rel=\"noreferrer noopener\">Pol\u00edtica de Sostentabilidad<\/a><\/li><\/ul>\n\n\n\n<ul><li><a href=\"https:\/\/www.portimar.com\/es\/politica-de-gestion-de-proveedores\/\" target=\"_blank\" rel=\"noreferrer noopener\">Pol\u00edtica de Gest\u00f3n de Proveedores<\/a><\/li><\/ul>\n\n\n\n<ul><li><a href=\"https:\/\/www.portimar.com\/es\/codigo-etico\/\" target=\"_blank\" rel=\"noreferrer noopener\">C\u00f3digo \u00c9tico<\/a><\/li><\/ul>\n\n\n\n<ul><li><a href=\"https:\/\/www.portimar.com\/es\/informe-de-sostenibilidad\/\" target=\"_blank\" rel=\"noreferrer noopener\">Informe de Sostentabilidad<\/a><\/li><\/ul>\n\n\n\n<ul><li><a href=\"https:\/\/www.portimar.com\/es\/plan-de-accion\/\" target=\"_blank\" rel=\"noreferrer noopener\">Plan de Acci\u00f3n<\/a><\/li><\/ul>\n\n\n\n<ul><li><a href=\"https:\/\/www.portimar.com\/es\/certificado-travelife\/\" target=\"_blank\" rel=\"noreferrer noopener\">Certificado Travelife<\/a><\/li><\/ul>\n","protected":false},"excerpt":{"rendered":"<p>Todo viaje tiene un principio y nosotros ya hemos dado los primeros pasos: Misi\u00f3n, Visi\u00f3n y Valores Pol\u00edtica de Sostentabilidad Pol\u00edtica de Gest\u00f3n de Proveedores C\u00f3digo \u00c9tico Informe de Sostentabilidad Plan de Acci\u00f3n Certificado Travelife<\/p>\n","protected":false},"author":4,"featured_media":5514,"parent":0,"menu_order":0,"comment_status":"closed","ping_status":"closed","template":"","meta":[],"_links":{"self":[{"href":"https:\/\/www.portimar.pt\/es\/wp-json\/wp\/v2\/pages\/5776"}],"collection":[{"href":"https:\/\/www.portimar.pt\/es\/wp-json\/wp\/v2\/pages"}],"about":[{"href":"https:\/\/www.portimar.pt\/es\/wp-json\/wp\/v2\/types\/page"}],"author":[{"embeddable":true,"href":"https:\/\/www.portimar.pt\/es\/wp-json\/wp\/v2\/users\/4"}],"replies":[{"embeddable":true,"href":"https:\/\/www.portimar.pt\/es\/wp-json\/wp\/v2\/comments?post=5776"}],"version-history":[{"count":2,"href":"https:\/\/www.portimar.pt\/es\/wp-json\/wp\/v2\/pages\/5776\/revisions"}],"predecessor-version":[{"id":5810,"href":"https:\/\/www.portimar.pt\/es\/wp-json\/wp\/v2\/pages\/5776\/revisions\/5810"}],"wp:featuredmedia":[{"embeddable":true,"href":"https:\/\/www.portimar.pt\/es\/wp-json\/wp\/v2\/media\/5514"}],"wp:attachment":[{"href":"https:\/\/www.portimar.pt\/es\/wp-json\/wp\/v2\/media?parent=5776"}],"curies":[{"name":"wp","href":"https:\/\/api.w.org\/{rel}","templated":true}]}}