{"id":5779,"date":"2023-10-30T14:45:11","date_gmt":"2023-10-30T14:45:11","guid":{"rendered":"https:\/\/www.portimar.com\/?page_id=5779"},"modified":"2024-10-28T15:13:45","modified_gmt":"2024-10-28T15:13:45","slug":"mision-vision-y-valores","status":"publish","type":"page","link":"https:\/\/www.portimar.pt\/es\/mision-vision-y-valores\/","title":{"rendered":"Misi\u00f3n, Visi\u00f3n y Valores"},"content":{"rendered":"\n<p>Encontrar\u00e1 nuestra Misi\u00f3n, Visi\u00f3n y Valores en el siguiente documento:<\/p>\n\n\n\n<p><a href=\"https:\/\/portimar.sharepoint.com\/:b:\/s\/DocsPlace\/Eaf7MqqFXBBMoROdgBjJLcwBrplqADWNMZYzNCTRcOIw7w?e=lAE405\" target=\"_blank\" rel=\"noreferrer noopener\">Misi\u00f3n, Visi\u00f3n y Valores<\/a><\/p>\n","protected":false},"excerpt":{"rendered":"<p>Encontrar\u00e1 nuestra Misi\u00f3n, Visi\u00f3n y Valores en el siguiente documento: Misi\u00f3n, Visi\u00f3n y Valores<\/p>\n","protected":false},"author":4,"featured_media":5518,"parent":0,"menu_order":0,"comment_status":"closed","ping_status":"closed","template":"","meta":[],"_links":{"self":[{"href":"https:\/\/www.portimar.pt\/es\/wp-json\/wp\/v2\/pages\/5779"}],"collection":[{"href":"https:\/\/www.portimar.pt\/es\/wp-json\/wp\/v2\/pages"}],"about":[{"href":"https:\/\/www.portimar.pt\/es\/wp-json\/wp\/v2\/types\/page"}],"author":[{"embeddable":true,"href":"https:\/\/www.portimar.pt\/es\/wp-json\/wp\/v2\/users\/4"}],"replies":[{"embeddable":true,"href":"https:\/\/www.portimar.pt\/es\/wp-json\/wp\/v2\/comments?post=5779"}],"version-history":[{"count":5,"href":"https:\/\/www.portimar.pt\/es\/wp-json\/wp\/v2\/pages\/5779\/revisions"}],"predecessor-version":[{"id":5917,"href":"https:\/\/www.portimar.pt\/es\/wp-json\/wp\/v2\/pages\/5779\/revisions\/5917"}],"wp:featuredmedia":[{"embeddable":true,"href":"https:\/\/www.portimar.pt\/es\/wp-json\/wp\/v2\/media\/5518"}],"wp:attachment":[{"href":"https:\/\/www.portimar.pt\/es\/wp-json\/wp\/v2\/media?parent=5779"}],"curies":[{"name":"wp","href":"https:\/\/api.w.org\/{rel}","templated":true}]}}