{"id":5787,"date":"2023-10-30T14:51:02","date_gmt":"2023-10-30T14:51:02","guid":{"rendered":"https:\/\/www.portimar.com\/?page_id=5787"},"modified":"2024-10-28T15:08:35","modified_gmt":"2024-10-28T15:08:35","slug":"codigo-etico","status":"publish","type":"page","link":"https:\/\/www.portimar.pt\/es\/codigo-etico\/","title":{"rendered":"C\u00f3digo \u00e9tico"},"content":{"rendered":"\n<p>Encontrar\u00e1 nuestro C\u00f3digo \u00c9tico en el siguiente documento:<\/p>\n\n\n\n<p><a href=\"https:\/\/portimar.sharepoint.com\/:b:\/s\/DocsPlace\/EQwtJQkleEVEqdSKXS4Xko4BexhyvdUI162Aziw-0xehlQ?e=IIdYeI\" target=\"_blank\" rel=\"noreferrer noopener\">C\u00f3digo \u00c9tico<\/a><\/p>\n","protected":false},"excerpt":{"rendered":"<p>Encontrar\u00e1 nuestro C\u00f3digo \u00c9tico en el siguiente documento: C\u00f3digo \u00c9tico<\/p>\n","protected":false},"author":4,"featured_media":5518,"parent":0,"menu_order":0,"comment_status":"closed","ping_status":"closed","template":"","meta":[],"_links":{"self":[{"href":"https:\/\/www.portimar.pt\/es\/wp-json\/wp\/v2\/pages\/5787"}],"collection":[{"href":"https:\/\/www.portimar.pt\/es\/wp-json\/wp\/v2\/pages"}],"about":[{"href":"https:\/\/www.portimar.pt\/es\/wp-json\/wp\/v2\/types\/page"}],"author":[{"embeddable":true,"href":"https:\/\/www.portimar.pt\/es\/wp-json\/wp\/v2\/users\/4"}],"replies":[{"embeddable":true,"href":"https:\/\/www.portimar.pt\/es\/wp-json\/wp\/v2\/comments?post=5787"}],"version-history":[{"count":3,"href":"https:\/\/www.portimar.pt\/es\/wp-json\/wp\/v2\/pages\/5787\/revisions"}],"predecessor-version":[{"id":5910,"href":"https:\/\/www.portimar.pt\/es\/wp-json\/wp\/v2\/pages\/5787\/revisions\/5910"}],"wp:featuredmedia":[{"embeddable":true,"href":"https:\/\/www.portimar.pt\/es\/wp-json\/wp\/v2\/media\/5518"}],"wp:attachment":[{"href":"https:\/\/www.portimar.pt\/es\/wp-json\/wp\/v2\/media?parent=5787"}],"curies":[{"name":"wp","href":"https:\/\/api.w.org\/{rel}","templated":true}]}}