{"id":5791,"date":"2023-10-30T14:52:11","date_gmt":"2023-10-30T14:52:11","guid":{"rendered":"https:\/\/www.portimar.com\/?page_id=5791"},"modified":"2024-10-28T15:11:18","modified_gmt":"2024-10-28T15:11:18","slug":"plan-de-accion","status":"publish","type":"page","link":"https:\/\/www.portimar.pt\/es\/plan-de-accion\/","title":{"rendered":"Plan de Acci\u00f3n"},"content":{"rendered":"\n<p>A continuaci\u00f3n encontrar\u00e1 nuestro plan de acci\u00f3n para el a\u00f1o en curso:<\/p>\n\n\n\n<p><a href=\"https:\/\/portimar.sharepoint.com\/:b:\/s\/DocsPlace\/EVqJWdY6bg5OhE7e_UDSMnIB6IfBGXxn4rN1wWTvr9m7Yw?e=vKgHd1\" target=\"_blank\" rel=\"noreferrer noopener\">Plan de Acci\u00f3n<\/a><\/p>\n","protected":false},"excerpt":{"rendered":"<p>A continuaci\u00f3n encontrar\u00e1 nuestro plan de acci\u00f3n para el a\u00f1o en curso: Plan de Acci\u00f3n<\/p>\n","protected":false},"author":4,"featured_media":5518,"parent":0,"menu_order":0,"comment_status":"closed","ping_status":"closed","template":"","meta":[],"_links":{"self":[{"href":"https:\/\/www.portimar.pt\/es\/wp-json\/wp\/v2\/pages\/5791"}],"collection":[{"href":"https:\/\/www.portimar.pt\/es\/wp-json\/wp\/v2\/pages"}],"about":[{"href":"https:\/\/www.portimar.pt\/es\/wp-json\/wp\/v2\/types\/page"}],"author":[{"embeddable":true,"href":"https:\/\/www.portimar.pt\/es\/wp-json\/wp\/v2\/users\/4"}],"replies":[{"embeddable":true,"href":"https:\/\/www.portimar.pt\/es\/wp-json\/wp\/v2\/comments?post=5791"}],"version-history":[{"count":3,"href":"https:\/\/www.portimar.pt\/es\/wp-json\/wp\/v2\/pages\/5791\/revisions"}],"predecessor-version":[{"id":5913,"href":"https:\/\/www.portimar.pt\/es\/wp-json\/wp\/v2\/pages\/5791\/revisions\/5913"}],"wp:featuredmedia":[{"embeddable":true,"href":"https:\/\/www.portimar.pt\/es\/wp-json\/wp\/v2\/media\/5518"}],"wp:attachment":[{"href":"https:\/\/www.portimar.pt\/es\/wp-json\/wp\/v2\/media?parent=5791"}],"curies":[{"name":"wp","href":"https:\/\/api.w.org\/{rel}","templated":true}]}}