{"id":988,"date":"2019-07-24T17:32:16","date_gmt":"2019-07-24T17:32:16","guid":{"rendered":"https:\/\/www.portimar.com\/groups\/"},"modified":"2020-02-11T15:54:38","modified_gmt":"2020-02-11T15:54:38","slug":"grupos","status":"publish","type":"page","link":"https:\/\/www.portimar.pt\/es\/nuestros-servicios\/grupos\/","title":{"rendered":"Grupos"},"content":{"rendered":"\n<div class=\"wp-block-kobu-custom-blocks-responsive-spacer responsive-spacer size-custom\" style=\"height:undefinedpx\"><\/div>\n\n\n\n<h4>Portimar se especializa en la organizaci\u00f3n de viajes grupales en Portugal y Espa\u00f1a, de acuerdo con los requisitos de su cliente.<\/h4>\n\n\n\n<div class=\"wp-block-kobu-custom-blocks-responsive-spacer responsive-spacer size-small\"><\/div>\n\n\n\n<p>Para nosotros, tener un control completo de la operaci\u00f3n es fundamental para garantizar que los recorridos se lleven a cabo sin problemas y de la manera m\u00e1s relajada y agradable posible.<\/p>\n\n\n\n<div class=\"wp-block-kobu-custom-blocks-responsive-spacer responsive-spacer size-custom\" style=\"height:undefinedpx\"><\/div>\n\n\n\n<p>Brindando viajes grupales personalizados desde hace m\u00e1s de 30 a\u00f1os, junto con un equipo dedicado en cada regi\u00f3n donde estamos ubicados, hemos construido una base de proveedores para garantizar el acceso de sus clientes a lugares imperdibles, actividades especiales y sorprendentes, as\u00ed como a los secretos ocultos de este fant\u00e1stico pa\u00eds.<\/p>\n\n\n\n<div class=\"wp-block-kobu-custom-blocks-responsive-spacer responsive-spacer size-small\"><\/div>\n\n\n\n<div class=\"wp-block-kobu-custom-blocks-slider-gallery slider-gallery gallery-container hidden\"><div class=\"gallery\" role=\"list\"><div class=\"slide\" role=\"listitem\"><div class=\"figure-wrapper\" style=\"background-image:url(https:\/\/www.portimar.com\/files\/uploads\/2019\/10\/enoturismo_adegas_caves-5.jpg)\"><figure><img src=\"https:\/\/www.portimar.com\/files\/uploads\/2019\/10\/enoturismo_adegas_caves-5.jpg\" alt=\"\"\/><\/figure><\/div><\/div><div class=\"slide\" role=\"listitem\"><div class=\"figure-wrapper\" style=\"background-image:url(https:\/\/www.portimar.com\/files\/uploads\/2019\/10\/arthur-poulin-NhU0nUR7920-unsplash.jpg)\"><figure><img src=\"https:\/\/www.portimar.com\/files\/uploads\/2019\/10\/arthur-poulin-NhU0nUR7920-unsplash.jpg\" alt=\"\"\/><\/figure><\/div><\/div><div class=\"slide\" role=\"listitem\"><div class=\"figure-wrapper\" style=\"background-image:url(https:\/\/www.portimar.com\/files\/uploads\/2019\/10\/eliobed-suarez-VDYZPTBPMgg-unsplash.jpg)\"><figure><img src=\"https:\/\/www.portimar.com\/files\/uploads\/2019\/10\/eliobed-suarez-VDYZPTBPMgg-unsplash.jpg\" alt=\"\"\/><\/figure><\/div><\/div><div class=\"slide\" role=\"listitem\"><div class=\"figure-wrapper\" style=\"background-image:url(https:\/\/www.portimar.com\/files\/uploads\/2019\/10\/ms-sue-huan-YhN-o8-nrzs-unsplash.jpg)\"><figure><img src=\"https:\/\/www.portimar.com\/files\/uploads\/2019\/10\/ms-sue-huan-YhN-o8-nrzs-unsplash.jpg\" alt=\"\"\/><\/figure><\/div><\/div><\/div><\/div>\n\n\n\n<div class=\"wp-block-kobu-custom-blocks-responsive-spacer responsive-spacer size-small\"><\/div>\n\n\n\n<p>Nuestros itinerarios est\u00e1n personalizados para que sus clientes puedan familiarizarse con los lugares, tradiciones y experiencias m\u00e1s aut\u00e9nticas de Portugal. Sin embargo, cada programa puede dise\u00f1arse de acuerdo con los requisitos y preferencias espec\u00edficas de cada cliente.<\/p>\n\n\n\n<div class=\"wp-block-kobu-custom-blocks-responsive-spacer responsive-spacer size-custom\" style=\"height:undefinedpx\"><\/div>\n\n\n\n<p>Nuestro compromiso es presentar este maravilloso pa\u00eds a sus clientes, garantiz\u00e1ndoles una experiencia agradable y altamente memorable.<\/p>\n\n\n\n<div class=\"wp-block-kobu-custom-blocks-responsive-spacer responsive-spacer size-medium\"><\/div>\n","protected":false},"excerpt":{"rendered":"<p>Portimar se especializa en la organizaci\u00f3n de viajes grupales en Portugal y Espa\u00f1a, de acuerdo con los requisitos de su cliente. Para nosotros, tener un control completo de la operaci\u00f3n es fundamental para garantizar que los recorridos se lleven a cabo sin problemas y de la manera m\u00e1s relajada y agradable posible. Brindando viajes grupales [&hellip;]<\/p>\n","protected":false},"author":1,"featured_media":3713,"parent":995,"menu_order":0,"comment_status":"closed","ping_status":"closed","template":"","meta":[],"_links":{"self":[{"href":"https:\/\/www.portimar.pt\/es\/wp-json\/wp\/v2\/pages\/988"}],"collection":[{"href":"https:\/\/www.portimar.pt\/es\/wp-json\/wp\/v2\/pages"}],"about":[{"href":"https:\/\/www.portimar.pt\/es\/wp-json\/wp\/v2\/types\/page"}],"author":[{"embeddable":true,"href":"https:\/\/www.portimar.pt\/es\/wp-json\/wp\/v2\/users\/1"}],"replies":[{"embeddable":true,"href":"https:\/\/www.portimar.pt\/es\/wp-json\/wp\/v2\/comments?post=988"}],"version-history":[{"count":13,"href":"https:\/\/www.portimar.pt\/es\/wp-json\/wp\/v2\/pages\/988\/revisions"}],"predecessor-version":[{"id":4408,"href":"https:\/\/www.portimar.pt\/es\/wp-json\/wp\/v2\/pages\/988\/revisions\/4408"}],"up":[{"embeddable":true,"href":"https:\/\/www.portimar.pt\/es\/wp-json\/wp\/v2\/pages\/995"}],"wp:featuredmedia":[{"embeddable":true,"href":"https:\/\/www.portimar.pt\/es\/wp-json\/wp\/v2\/media\/3713"}],"wp:attachment":[{"href":"https:\/\/www.portimar.pt\/es\/wp-json\/wp\/v2\/media?parent=988"}],"curies":[{"name":"wp","href":"https:\/\/api.w.org\/{rel}","templated":true}]}}