{"id":1025,"date":"2019-07-22T22:43:28","date_gmt":"2019-07-22T22:43:28","guid":{"rendered":"https:\/\/www.portimar.com\/lisbon\/"},"modified":"2019-10-30T13:07:06","modified_gmt":"2019-10-30T13:07:06","slug":"lisboa","status":"publish","type":"page","link":"https:\/\/www.portimar.pt\/pt-pt\/homepage\/lisboa\/","title":{"rendered":"Lisboa"},"content":{"rendered":"\n<h4>Com mais de 20 s\u00e9culos de hist\u00f3ria, Lisboa situa-se junto ao rio Tejo e a sua beleza \u00fanica e singularidade arquitet\u00f3nica s\u00e3o aclamadas al\u00e9m-fronteiras.<\/h4>\n\n\n\n<p>Influenciada por diversas culturas e estilos, Lisboa consegue ser moderna e sofisticada ao mesmo tempo que conserva o seu esp\u00edrito tradicional e mais reservado, que nos transmite a vontade de a ir descobrindo, vendo o que aparece em cada bairro, em cada rua.&nbsp;<\/p>\n\n\n\n<p>Rica em monumentos e bairros t\u00edpicos, como Bica, Alfama ou Mouraria, a cidade disp\u00f5e tamb\u00e9m de um enquadramento geogr\u00e1fico invej\u00e1vel, que alia de forma sublime ao seu vasto patrim\u00f3nio natural, hist\u00f3rico e cultural.<\/p>\n\n\n\n<p>Mas o que \u00e9 mais representativo de Lisboa do que o Fado? Poucas cidades no mundo se podem orgulhar de ser o ber\u00e7o e local quase exclusivo de culto de um g\u00e9nero musical, ainda para mais considerado Patrim\u00f3nio Imaterial da Humanidade. Mais do que qualquer outra express\u00e3o art\u00edstica, este g\u00e9nero musical, elevado ao seu expoente m\u00e1ximo pela voz de Am\u00e1lia Rodrigues, condensa a alma de um povo. Sem o Fado, Lisboa n\u00e3o seria Lisboa. Visitar as t\u00edpicas casas de Fado \u00e9 uma experi\u00eancia obrigat\u00f3ria para qualquer visitante.<\/p>\n\n\n\n<p>Numa cidade que foi recebendo muitas e diferentes culturas vindas de long\u00ednquas paragens ao longo do tempo, ainda hoje se sente um respirar de aldeia em cada bairro hist\u00f3rico.<\/p>\n\n\n\n<p>Ao percorrer as ruas da Baixa Pombalina, que se estende at\u00e9 ao Tejo na Pra\u00e7a do Com\u00e9rcio, conhecemos alguns dos lugares mais bonitos da cidade &#8211; a zona monumental de Bel\u00e9m, com monumentos designados de Patrim\u00f3nio Mundial, os bairros medievais e tamb\u00e9m as zonas de lazer mais contempor\u00e2neas, como o Parque das Na\u00e7\u00f5es ou as Docas.<\/p>\n\n\n\n<div class=\"wp-block-kobu-custom-blocks-responsive-spacer responsive-spacer size-small\"><\/div>\n\n\n\n<div class=\"wp-block-kobu-custom-blocks-slider-gallery slider-gallery gallery-container hidden\"><div class=\"gallery\" role=\"list\"><div class=\"slide\" role=\"listitem\"><div class=\"figure-wrapper\" style=\"background-image:url(https:\/\/www.portimar.com\/files\/uploads\/2019\/09\/Lisboa_shutterstock_397503196-1.jpg)\"><figure><img src=\"https:\/\/www.portimar.com\/files\/uploads\/2019\/09\/Lisboa_shutterstock_397503196-1.jpg\" alt=\"\"\/><\/figure><\/div><\/div><div class=\"slide\" role=\"listitem\"><div class=\"figure-wrapper\" style=\"background-image:url(https:\/\/www.portimar.com\/files\/uploads\/2019\/09\/Lisboa_shutterstock_298576907-1.jpg)\"><figure><img src=\"https:\/\/www.portimar.com\/files\/uploads\/2019\/09\/Lisboa_shutterstock_298576907-1.jpg\" alt=\"\"\/><\/figure><\/div><\/div><div class=\"slide\" role=\"listitem\"><div class=\"figure-wrapper\" style=\"background-image:url(https:\/\/www.portimar.com\/files\/uploads\/2019\/09\/Lisboa_shutterstock_100247684-1.jpg)\"><figure><img src=\"https:\/\/www.portimar.com\/files\/uploads\/2019\/09\/Lisboa_shutterstock_100247684-1.jpg\" alt=\"\"\/><\/figure><\/div><\/div><div class=\"slide\" role=\"listitem\"><div class=\"figure-wrapper\" style=\"background-image:url(https:\/\/www.portimar.com\/files\/uploads\/2019\/09\/Lisboa_eletrico_shutterstock_409026622-1.jpg)\"><figure><img src=\"https:\/\/www.portimar.com\/files\/uploads\/2019\/09\/Lisboa_eletrico_shutterstock_409026622-1.jpg\" alt=\"\"\/><\/figure><\/div><\/div><\/div><\/div>\n\n\n\n<div class=\"wp-block-kobu-custom-blocks-responsive-spacer responsive-spacer size-small\"><\/div>\n\n\n\n<p>Em Lisboa, \u00e9 dif\u00edcil n\u00e3o querer absorver todos os pormenores, olhar para todo o lado, inclusive para o ch\u00e3o. A cal\u00e7ada portuguesa \u00e9 uma arte em vias de extin\u00e7\u00e3o, mas ainda a  podemos encontrar em algumas zonas da cidade.<\/p>\n\n\n\n<p>Em quase todas as zonas da cidade \u00e9 tamb\u00e9m poss\u00edvel encontrar azulejos que s\u00e3o verdadeiras obras de arte. Nos padr\u00f5es geom\u00e9tricos e figurativos, nas naturezas mortas ou cenas hist\u00f3ricas, o esp\u00edrito do pa\u00eds pintou-se em azulejos que ornamentam imponentes fachadas e interiores de espa\u00e7os p\u00fablicos e privados. Trazida pelos \u00e1rabes, a azulejaria floresceu na cidade&nbsp;e pode explorar-se em toda a sua riqueza num museu de refer\u00eancia mundial &#8211; o&nbsp;Museu do Azulejo.<\/p>\n\n\n\n<p>Tamb\u00e9m conhecida como a &#8220;cidade das 7 colinas&#8221;, Lisboa \u00e9 tamb\u00e9m muito famosa pela sua gastronomia, muito influenciada pela sua rela\u00e7\u00e3o de proximidade com o mar, mas especialmente devido ao doce mais famoso da cidade, o tradicional &#8220;pastel de nata&#8221;, confecionado numa antiga f\u00e1brica na de Bel\u00e9m, mais conhecido como Pastel de Bel\u00e9m.<\/p>\n\n\n\n<p>Repleta de tesouros, segredos e particularidades, Lisboa \u00e9 uma cidade apaixonante, repleta de luz que deixa saudade a quem tem de partir!<\/p>\n\n\n\n<div class=\"wp-block-kobu-custom-blocks-responsive-spacer responsive-spacer size-small\"><\/div>\n\n\n\n<figure class=\"wp-block-embed-youtube wp-block-embed is-type-video is-provider-youtube wp-embed-aspect-16-9 wp-has-aspect-ratio\"><div class=\"wp-block-embed__wrapper\">\n<div class=\"youtube embed-container youtube\"><div class=\"video-placeholder\" style=\"background-image: url(https:\/\/img.youtube.com\/vi\/mK7rgh4fhYQ\/hqdefault.jpg);\"><\/div><div class=\"iframe youtube-video\" title=\"Lisbon Region As Never Seen Before\" data-iframe-src=\"mK7rgh4fhYQ\" data-iframe-origin=\"https:\/\/www.portimar.pt\/pt-pt\/\" data-iframe-start=\"0\"><noscript><iframe loading=\"lazy\" class=\"youtube-video\" title=\"Youtube video\" width=\"640\" height=\"360\" src=\"https:\/\/www.youtube.com\/embed\/mK7rgh4fhYQ?modestbranding=1&#038;showinfo=0&#038;rel=0&#038;enablejsapi=1&#038;origin=https:\/\/www.portimar.pt\/pt-pt\/\" webkitallowfullscreen mozallowfullscreen allowfullscreen> <\/iframe><\/noscript><\/div><\/div>\n<\/div><\/figure>\n\n\n\n<div class=\"wp-block-kobu-custom-blocks-responsive-spacer responsive-spacer size-medium\"><\/div>\n","protected":false},"excerpt":{"rendered":"<p>Com mais de 20 s\u00e9culos de hist\u00f3ria, Lisboa situa-se junto ao rio Tejo e a sua beleza \u00fanica e singularidade arquitet\u00f3nica s\u00e3o aclamadas al\u00e9m-fronteiras. Influenciada por diversas culturas e estilos, Lisboa consegue ser moderna e sofisticada ao mesmo tempo que conserva o seu esp\u00edrito tradicional e mais reservado, que nos transmite a vontade de a [&hellip;]<\/p>\n","protected":false},"author":1,"featured_media":2589,"parent":955,"menu_order":0,"comment_status":"closed","ping_status":"closed","template":"templates\/location.php","meta":[],"_links":{"self":[{"href":"https:\/\/www.portimar.pt\/pt-pt\/wp-json\/wp\/v2\/pages\/1025"}],"collection":[{"href":"https:\/\/www.portimar.pt\/pt-pt\/wp-json\/wp\/v2\/pages"}],"about":[{"href":"https:\/\/www.portimar.pt\/pt-pt\/wp-json\/wp\/v2\/types\/page"}],"author":[{"embeddable":true,"href":"https:\/\/www.portimar.pt\/pt-pt\/wp-json\/wp\/v2\/users\/1"}],"replies":[{"embeddable":true,"href":"https:\/\/www.portimar.pt\/pt-pt\/wp-json\/wp\/v2\/comments?post=1025"}],"version-history":[{"count":32,"href":"https:\/\/www.portimar.pt\/pt-pt\/wp-json\/wp\/v2\/pages\/1025\/revisions"}],"predecessor-version":[{"id":3072,"href":"https:\/\/www.portimar.pt\/pt-pt\/wp-json\/wp\/v2\/pages\/1025\/revisions\/3072"}],"up":[{"embeddable":true,"href":"https:\/\/www.portimar.pt\/pt-pt\/wp-json\/wp\/v2\/pages\/955"}],"wp:featuredmedia":[{"embeddable":true,"href":"https:\/\/www.portimar.pt\/pt-pt\/wp-json\/wp\/v2\/media\/2589"}],"wp:attachment":[{"href":"https:\/\/www.portimar.pt\/pt-pt\/wp-json\/wp\/v2\/media?parent=1025"}],"curies":[{"name":"wp","href":"https:\/\/api.w.org\/{rel}","templated":true}]}}