{"id":1932,"date":"2019-09-04T14:15:57","date_gmt":"2019-09-04T14:15:57","guid":{"rendered":"https:\/\/www.portimar.com\/?page_id=1932"},"modified":"2019-11-07T14:26:02","modified_gmt":"2019-11-07T14:26:02","slug":"viana-do-castelo","status":"publish","type":"page","link":"https:\/\/www.portimar.pt\/pt-pt\/homepage\/viana-do-castelo\/","title":{"rendered":"Viana do Castelo"},"content":{"rendered":"\n<p>Defronte para o mar que fez a hist\u00f3ria de Viana, uma igreja barroca guarda a imagem da Senhora da Agonia, que desfila anualmente, no dia 20 de agosto, para aben\u00e7oar o mar numa das festas mais coloridas de Portugal, onde a beleza e a tradi\u00e7\u00e3o dos trajes t\u00edpicos que desfilam nas festas tomam conta do festival. S\u00e1bia em ter mantido vivas as suas tradi\u00e7\u00f5es, a filigrana em ouro \u00e9 outro exemplo desse esfor\u00e7o levado a cabo pela cidade.<br><br>A joalharia tradicional portuguesa tem uma inspira\u00e7\u00e3o marcadamente religiosa, e o Cora\u00e7\u00e3o de Viana n\u00e3o \u00e9 exce\u00e7\u00e3o. Este cora\u00e7\u00e3o, que \u00e9 atualmente utilizado como s\u00edmbolo da cidade de Viana do Castelo, surgiu em Portugal com o culto ao Sagrado Cora\u00e7\u00e3o de Jesus em finais do s\u00e9c. XVIII.<br><br>O Cora\u00e7\u00e3o de Viana tornou-se, ent\u00e3o, patrim\u00f3nio emocional e ic\u00f3nico de Portugal e da arte da filigrana portuguesa. Para quem o usa, o cora\u00e7\u00e3o \u00e9 um s\u00edmbolo de honestidade e de generosidade.<\/p>\n\n\n\n<div class=\"wp-block-kobu-custom-blocks-responsive-spacer responsive-spacer size-small\"><\/div>\n\n\n\n<div class=\"wp-block-kobu-custom-blocks-slider-gallery slider-gallery gallery-container hidden\"><div class=\"gallery\" role=\"list\"><div class=\"slide\" role=\"listitem\"><div class=\"figure-wrapper\" style=\"background-image:url(https:\/\/www.portimar.com\/files\/uploads\/2019\/09\/31975171957_52f0508d3a_o-1.jpg)\"><figure><img src=\"https:\/\/www.portimar.com\/files\/uploads\/2019\/09\/31975171957_52f0508d3a_o-1.jpg\" alt=\"\"\/><\/figure><\/div><\/div><div class=\"slide\" role=\"listitem\"><div class=\"figure-wrapper\" style=\"background-image:url(https:\/\/www.portimar.com\/files\/uploads\/2019\/09\/46917767991_bea52af354_o-1.jpg)\"><figure><img src=\"https:\/\/www.portimar.com\/files\/uploads\/2019\/09\/46917767991_bea52af354_o-1.jpg\" alt=\"\"\/><figcaption><span>PORTO, PORTUGAL &#8211; SEPTEMBER 10, 2018: \n\nCREDIT: Daniel Rodrigues<\/span><\/figcaption><\/figure><\/div><\/div><div class=\"slide\" role=\"listitem\"><div class=\"figure-wrapper\" style=\"background-image:url(https:\/\/www.portimar.com\/files\/uploads\/2019\/09\/46192940684_7d8fa31dee_o-1.jpg)\"><figure><img src=\"https:\/\/www.portimar.com\/files\/uploads\/2019\/09\/46192940684_7d8fa31dee_o-1.jpg\" alt=\"\"\/><figcaption><span>PORTO, PORTUGAL &#8211; SEPTEMBER 10, 2018: \n\nCREDIT: Daniel Rodrigues<\/span><\/figcaption><\/figure><\/div><\/div><div class=\"slide\" role=\"listitem\"><div class=\"figure-wrapper\" style=\"background-image:url(https:\/\/www.portimar.com\/files\/uploads\/2019\/09\/46864282902_f80dd2a756_o-1.jpg)\"><figure><img src=\"https:\/\/www.portimar.com\/files\/uploads\/2019\/09\/46864282902_f80dd2a756_o-1.jpg\" alt=\"\"\/><\/figure><\/div><\/div><\/div><\/div>\n\n\n\n<div class=\"wp-block-kobu-custom-blocks-responsive-spacer responsive-spacer size-small\"><\/div>\n\n\n\n<p>Mas Viana do Castelo \u00e9 tamb\u00e9m considerada uma \u201cMeca da Arquitetura\u201d, gra\u00e7as aos muitos e importantes nomes da arquitetura portuguesa contempor\u00e2nea que assinam equipamentos e espa\u00e7os da cidade.&nbsp;<br><br>De uma beleza e riqueza inigual\u00e1veis, a etnografia vianesa faz da cidade a capital do folclore portugu\u00eas.<br><br>A originalidade e funcionalidade do seu artesanato, com especial relevo para a lou\u00e7a e os bordados, a ass\u00eddua e qualificada anima\u00e7\u00e3o cultural, s\u00e3o outros atributos que fazem de Viana do Castelo uma cidade extremamente atrativa.<\/p>\n\n\n\n<div class=\"wp-block-kobu-custom-blocks-responsive-spacer responsive-spacer size-medium\"><\/div>\n\n\n\n<figure class=\"wp-block-embed-youtube wp-block-embed is-type-video is-provider-youtube wp-embed-aspect-16-9 wp-has-aspect-ratio\"><div class=\"wp-block-embed__wrapper\">\n<div class=\"youtube embed-container youtube\"><div class=\"video-placeholder\" style=\"background-image: url(https:\/\/img.youtube.com\/vi\/zqKfGVdQ-wo\/hqdefault.jpg);\"><\/div><div class=\"iframe youtube-video\" title=\"&quot;Portugal Expect the Unexpected - Viana do Castelo&quot;\" data-iframe-src=\"zqKfGVdQ-wo\" data-iframe-origin=\"https:\/\/www.portimar.pt\/pt-pt\/\" data-iframe-start=\"0\"><noscript><iframe loading=\"lazy\" class=\"youtube-video\" title=\"Youtube video\" width=\"640\" height=\"360\" src=\"https:\/\/www.youtube.com\/embed\/zqKfGVdQ-wo?modestbranding=1&#038;showinfo=0&#038;rel=0&#038;enablejsapi=1&#038;origin=https:\/\/www.portimar.pt\/pt-pt\/\" webkitallowfullscreen mozallowfullscreen allowfullscreen> <\/iframe><\/noscript><\/div><\/div>\n<\/div><\/figure>\n","protected":false},"excerpt":{"rendered":"<p>Defronte para o mar que fez a hist\u00f3ria de Viana, uma igreja barroca guarda a imagem da Senhora da Agonia, que desfila anualmente, no dia 20 de agosto, para aben\u00e7oar o mar numa das festas mais coloridas de Portugal, onde a beleza e a tradi\u00e7\u00e3o dos trajes t\u00edpicos que desfilam nas festas tomam conta do [&hellip;]<\/p>\n","protected":false},"author":2,"featured_media":2729,"parent":955,"menu_order":0,"comment_status":"closed","ping_status":"closed","template":"templates\/location.php","meta":[],"_links":{"self":[{"href":"https:\/\/www.portimar.pt\/pt-pt\/wp-json\/wp\/v2\/pages\/1932"}],"collection":[{"href":"https:\/\/www.portimar.pt\/pt-pt\/wp-json\/wp\/v2\/pages"}],"about":[{"href":"https:\/\/www.portimar.pt\/pt-pt\/wp-json\/wp\/v2\/types\/page"}],"author":[{"embeddable":true,"href":"https:\/\/www.portimar.pt\/pt-pt\/wp-json\/wp\/v2\/users\/2"}],"replies":[{"embeddable":true,"href":"https:\/\/www.portimar.pt\/pt-pt\/wp-json\/wp\/v2\/comments?post=1932"}],"version-history":[{"count":20,"href":"https:\/\/www.portimar.pt\/pt-pt\/wp-json\/wp\/v2\/pages\/1932\/revisions"}],"predecessor-version":[{"id":4087,"href":"https:\/\/www.portimar.pt\/pt-pt\/wp-json\/wp\/v2\/pages\/1932\/revisions\/4087"}],"up":[{"embeddable":true,"href":"https:\/\/www.portimar.pt\/pt-pt\/wp-json\/wp\/v2\/pages\/955"}],"wp:featuredmedia":[{"embeddable":true,"href":"https:\/\/www.portimar.pt\/pt-pt\/wp-json\/wp\/v2\/media\/2729"}],"wp:attachment":[{"href":"https:\/\/www.portimar.pt\/pt-pt\/wp-json\/wp\/v2\/media?parent=1932"}],"curies":[{"name":"wp","href":"https:\/\/api.w.org\/{rel}","templated":true}]}}