{"id":2351,"date":"2019-09-18T15:10:11","date_gmt":"2019-09-18T15:10:11","guid":{"rendered":"https:\/\/www.portimar.com\/?page_id=2351"},"modified":"2019-11-07T14:24:28","modified_gmt":"2019-11-07T14:24:28","slug":"porto","status":"publish","type":"page","link":"https:\/\/www.portimar.pt\/pt-pt\/homepage\/porto\/","title":{"rendered":"Porto"},"content":{"rendered":"\n<h4>Esta cidade tem algo de m\u00edstico, que varia conforme o local, a hora e a luz do dia, mas que passa seguramente pelas pessoas que nela vivem.<\/h4>\n\n\n\n<p>Passear pelas ruas do Porto e sentir o pulso da cidade \u00e9 uma experi\u00eancia \u00fanica.<br><br>Abrindo-se como um livro sobre o rio Douro ao entardecer, o Porto, humilde e opulento, seduz com o seu centro medieval, comida e vinhos divinos e habitantes carism\u00e1ticos.<br><br>Desde o cen\u00e1rio paradis\u00edaco do Douro, ao tilintar das ta\u00e7as de vinho ao anoitecer, s\u00e3o imensos os encantos que encontrar\u00e1 enquanto passeia pelas ruas da cidade, cada uma delas com uma hist\u00f3ria pr\u00f3pria.&nbsp;&nbsp;<\/p>\n\n\n\n<div class=\"wp-block-kobu-custom-blocks-responsive-spacer responsive-spacer size-small\"><\/div>\n\n\n\n<div class=\"wp-block-kobu-custom-blocks-slider-gallery slider-gallery gallery-container hidden\"><div class=\"gallery\" role=\"list\"><div class=\"slide\" role=\"listitem\"><div class=\"figure-wrapper\" style=\"background-image:url(https:\/\/www.portimar.com\/files\/uploads\/2019\/09\/Porto_shutterstock_113942248-1.jpg)\"><figure><img src=\"https:\/\/www.portimar.com\/files\/uploads\/2019\/09\/Porto_shutterstock_113942248-1.jpg\" alt=\"\"\/><\/figure><\/div><\/div><div class=\"slide\" role=\"listitem\"><div class=\"figure-wrapper\" style=\"background-image:url(https:\/\/www.portimar.com\/files\/uploads\/2019\/09\/Porto_shutterstock_365359853-1.jpg)\"><figure><img src=\"https:\/\/www.portimar.com\/files\/uploads\/2019\/09\/Porto_shutterstock_365359853-1.jpg\" alt=\"\"\/><\/figure><\/div><\/div><div class=\"slide\" role=\"listitem\"><div class=\"figure-wrapper\" style=\"background-image:url(https:\/\/www.portimar.com\/files\/uploads\/2019\/09\/Porto_shutterstock_233117173-1.jpg)\"><figure><img src=\"https:\/\/www.portimar.com\/files\/uploads\/2019\/09\/Porto_shutterstock_233117173-1.jpg\" alt=\"\"\/><\/figure><\/div><\/div><div class=\"slide\" role=\"listitem\"><div class=\"figure-wrapper\" style=\"background-image:url(https:\/\/www.portimar.com\/files\/uploads\/2019\/09\/Porto_shutterstock_217601644-1.jpg)\"><figure><img src=\"https:\/\/www.portimar.com\/files\/uploads\/2019\/09\/Porto_shutterstock_217601644-1.jpg\" alt=\"\"\/><\/figure><\/div><\/div><\/div><\/div>\n\n\n\n<div class=\"wp-block-kobu-custom-blocks-responsive-spacer responsive-spacer size-small\"><\/div>\n\n\n\n<p>Enquanto cidade Patrim\u00f3nio Mundial, \u00e9 o ponto de partida ideal para uma viagem pela diversidade natural e cultural da regi\u00e3o.<br><br>Conhecido pelo famoso vinho que daqui parte para todo o mundo, mas tamb\u00e9m por um patrim\u00f3nio que conjuga a antiguidade de igrejas e monumentos, como a S\u00e9 ou a Igreja de S. Francisco, com a contemporaneidade de edif\u00edcios marcantes como a Casa da M\u00fasica, o Museu de Serralves e outros, o charme da cidade promete n\u00e3o deixar ningu\u00e9m indiferente.<br><br>A n\u00edvel gastron\u00f3mico, Portugal conquista os seus visitantes pelos seus deliciosos pratos, mas isso \u00e9 ainda mais verdade no Porto e na regi\u00e3o Norte.<br><br>Em qualquer restaurante, seja ele requintado ou mais popular, h\u00e1 a certeza de uma boa refei\u00e7\u00e3o acompanhada pelos excelentes vinhos do Douro, ou pelo fresco vinho verde, caracter\u00edsticos da regi\u00e3o.<\/p>\n\n\n\n<div class=\"wp-block-kobu-custom-blocks-responsive-spacer responsive-spacer size-small\"><\/div>\n\n\n\n<figure class=\"wp-block-embed-youtube wp-block-embed is-type-video is-provider-youtube wp-embed-aspect-16-9 wp-has-aspect-ratio\"><div class=\"wp-block-embed__wrapper\">\n<div class=\"youtube embed-container youtube\"><div class=\"video-placeholder\" style=\"background-image: url(https:\/\/img.youtube.com\/vi\/snDK7rG3UDE\/hqdefault.jpg);\"><\/div><div class=\"iframe youtube-video\" title=\"Escolha Portugal - Porto e Norte \/ Choose Portugal - Porto and the North (TVI)\" data-iframe-src=\"snDK7rG3UDE\" data-iframe-origin=\"https:\/\/www.portimar.pt\/pt-pt\/\" data-iframe-start=\"0\"><noscript><iframe loading=\"lazy\" class=\"youtube-video\" title=\"Youtube video\" width=\"640\" height=\"360\" src=\"https:\/\/www.youtube.com\/embed\/snDK7rG3UDE?modestbranding=1&#038;showinfo=0&#038;rel=0&#038;enablejsapi=1&#038;origin=https:\/\/www.portimar.pt\/pt-pt\/\" webkitallowfullscreen mozallowfullscreen allowfullscreen> <\/iframe><\/noscript><\/div><\/div>\n<\/div><\/figure>\n\n\n\n<div class=\"wp-block-kobu-custom-blocks-responsive-spacer responsive-spacer size-medium\"><\/div>\n","protected":false},"excerpt":{"rendered":"<p>Esta cidade tem algo de m\u00edstico, que varia conforme o local, a hora e a luz do dia, mas que passa seguramente pelas pessoas que nela vivem. Passear pelas ruas do Porto e sentir o pulso da cidade \u00e9 uma experi\u00eancia \u00fanica. Abrindo-se como um livro sobre o rio Douro ao entardecer, o Porto, humilde [&hellip;]<\/p>\n","protected":false},"author":2,"featured_media":2705,"parent":955,"menu_order":0,"comment_status":"closed","ping_status":"closed","template":"templates\/location.php","meta":[],"_links":{"self":[{"href":"https:\/\/www.portimar.pt\/pt-pt\/wp-json\/wp\/v2\/pages\/2351"}],"collection":[{"href":"https:\/\/www.portimar.pt\/pt-pt\/wp-json\/wp\/v2\/pages"}],"about":[{"href":"https:\/\/www.portimar.pt\/pt-pt\/wp-json\/wp\/v2\/types\/page"}],"author":[{"embeddable":true,"href":"https:\/\/www.portimar.pt\/pt-pt\/wp-json\/wp\/v2\/users\/2"}],"replies":[{"embeddable":true,"href":"https:\/\/www.portimar.pt\/pt-pt\/wp-json\/wp\/v2\/comments?post=2351"}],"version-history":[{"count":18,"href":"https:\/\/www.portimar.pt\/pt-pt\/wp-json\/wp\/v2\/pages\/2351\/revisions"}],"predecessor-version":[{"id":4082,"href":"https:\/\/www.portimar.pt\/pt-pt\/wp-json\/wp\/v2\/pages\/2351\/revisions\/4082"}],"up":[{"embeddable":true,"href":"https:\/\/www.portimar.pt\/pt-pt\/wp-json\/wp\/v2\/pages\/955"}],"wp:featuredmedia":[{"embeddable":true,"href":"https:\/\/www.portimar.pt\/pt-pt\/wp-json\/wp\/v2\/media\/2705"}],"wp:attachment":[{"href":"https:\/\/www.portimar.pt\/pt-pt\/wp-json\/wp\/v2\/media?parent=2351"}],"curies":[{"name":"wp","href":"https:\/\/api.w.org\/{rel}","templated":true}]}}