{"id":983,"date":"2019-07-24T17:32:27","date_gmt":"2019-07-24T17:32:27","guid":{"rendered":"https:\/\/www.portimar.com\/incentives\/"},"modified":"2019-11-07T14:35:21","modified_gmt":"2019-11-07T14:35:21","slug":"mice","status":"publish","type":"page","link":"https:\/\/www.portimar.pt\/pt-pt\/servicos\/mice\/","title":{"rendered":"Mice"},"content":{"rendered":"\n<h4>N\u00e3o h\u00e1 limites, apenas solu\u00e7\u00f5es.<\/h4>\n\n\n\n<div class=\"wp-block-kobu-custom-blocks-responsive-spacer responsive-spacer size-custom\" style=\"height:undefinedpx\"><\/div>\n\n\n\n<p>Oferecemos programas imaginativos e a pre\u00e7os razo\u00e1veis, juntamente com a excel\u00eancia dos nossos servi\u00e7os. Encontramos o local perfeito, entretenimento incr\u00edvel e as atividades adequadas a cada grupo.<\/p>\n\n\n\n<div class=\"wp-block-kobu-custom-blocks-responsive-spacer responsive-spacer size-custom\" style=\"height:undefinedpx\"><\/div>\n\n\n\n<p>A diversidade dos programas vai do mais divertido e motivacional, ideal para a forma\u00e7\u00e3o de equipas corporativas, ao mais criativo, desde tem\u00e1ticas culturais a lan\u00e7amentos de produtos e eventos especiais.<\/p>\n\n\n\n<div class=\"wp-block-kobu-custom-blocks-responsive-spacer responsive-spacer size-custom\" style=\"height:undefinedpx\"><\/div>\n\n\n\n<p>Fornecemos solu\u00e7\u00f5es para qualquer problema. A nossa equipa \u00e9 formada por especialistas profissionais, criativos e dedicados, que projetam e trabalham no conceito de cada programa com base nos interesses e pretens\u00f5es de cada cliente.<\/p>\n\n\n\n<div class=\"wp-block-kobu-custom-blocks-responsive-spacer responsive-spacer size-custom\" style=\"height:undefinedpx\"><\/div>\n\n\n\n<p>Quaisquer que sejam as suas necessidades, fornecemos criatividade, conhecimento e compromisso para tornar a sua experi\u00eancia o mais emocionante e \u00fanica poss\u00edvel, enquanto o projeto \u00e9 entregue dentro do prazo e do or\u00e7amento desejado.<\/p>\n\n\n\n<div class=\"wp-block-kobu-custom-blocks-responsive-spacer responsive-spacer size-small\"><\/div>\n\n\n\n<figure class=\"wp-block-image\"><img loading=\"lazy\" width=\"1024\" height=\"683\" src=\"https:\/\/www.portimar.com\/files\/uploads\/2019\/10\/headway-5QgIuuBxKwM-unsplash-1024x683.jpg\" alt=\"\" class=\"wp-image-3719\" srcset=\"https:\/\/www.portimar.pt\/files\/uploads\/2019\/10\/headway-5QgIuuBxKwM-unsplash-1024x683.jpg 1024w, https:\/\/www.portimar.pt\/files\/uploads\/2019\/10\/headway-5QgIuuBxKwM-unsplash-300x200.jpg 300w, https:\/\/www.portimar.pt\/files\/uploads\/2019\/10\/headway-5QgIuuBxKwM-unsplash-768x512.jpg 768w, https:\/\/www.portimar.pt\/files\/uploads\/2019\/10\/headway-5QgIuuBxKwM-unsplash.jpg 1920w\" sizes=\"(max-width: 1024px) 100vw, 1024px\" \/><\/figure>\n\n\n\n<div class=\"wp-block-kobu-custom-blocks-responsive-spacer responsive-spacer size-small\"><\/div>\n\n\n\n<h5>Reuni\u00f5es<\/h5>\n\n\n\n<p>Relativamente aos valores e objetivos de neg\u00f3cios, criamos solu\u00e7\u00f5es personalizadas para as suas reuni\u00f5es, sempre com base no contexto real do seu setor.<\/p>\n\n\n\n<div class=\"wp-block-kobu-custom-blocks-responsive-spacer responsive-spacer size-small\"><\/div>\n\n\n\n<figure class=\"wp-block-image\"><img loading=\"lazy\" width=\"1024\" height=\"684\" src=\"https:\/\/www.portimar.com\/files\/uploads\/2019\/10\/Sala_Estar_Reuniao_Mesa_unica_1-1024x684.jpg\" alt=\"\" class=\"wp-image-3980\" srcset=\"https:\/\/www.portimar.pt\/files\/uploads\/2019\/10\/Sala_Estar_Reuniao_Mesa_unica_1-1024x684.jpg 1024w, https:\/\/www.portimar.pt\/files\/uploads\/2019\/10\/Sala_Estar_Reuniao_Mesa_unica_1-300x200.jpg 300w, https:\/\/www.portimar.pt\/files\/uploads\/2019\/10\/Sala_Estar_Reuniao_Mesa_unica_1-768x513.jpg 768w, https:\/\/www.portimar.pt\/files\/uploads\/2019\/10\/Sala_Estar_Reuniao_Mesa_unica_1.jpg 1500w\" sizes=\"(max-width: 1024px) 100vw, 1024px\" \/><\/figure>\n\n\n\n<div class=\"wp-block-kobu-custom-blocks-responsive-spacer responsive-spacer size-small\"><\/div>\n\n\n\n<h5>Incentivos<\/h5>\n\n\n\n<p>A Portimar \u00e9 especialista na cria\u00e7\u00e3o de programas para empresas que desejam recompensar os funcion\u00e1rios que correspondem ou superam as suas expectativas de desempenho.<\/p>\n\n\n\n<div class=\"wp-block-kobu-custom-blocks-responsive-spacer responsive-spacer size-small\"><\/div>\n\n\n\n<div class=\"wp-block-kobu-custom-blocks-slider-gallery slider-gallery gallery-container hidden\"><div class=\"gallery\" role=\"list\"><div class=\"slide\" role=\"listitem\"><div class=\"figure-wrapper\" style=\"background-image:url(https:\/\/www.portimar.com\/files\/uploads\/2019\/10\/ashim-d-silva-UjxL9x0nwQ8-unsplash.jpg)\"><figure><img src=\"https:\/\/www.portimar.com\/files\/uploads\/2019\/10\/ashim-d-silva-UjxL9x0nwQ8-unsplash.jpg\" alt=\"\"\/><\/figure><\/div><\/div><div class=\"slide\" role=\"listitem\"><div class=\"figure-wrapper\" style=\"background-image:url(https:\/\/www.portimar.com\/files\/uploads\/2019\/10\/margarida-csilva-cQCqoTjr0B4-unsplash.jpg)\"><figure><img src=\"https:\/\/www.portimar.com\/files\/uploads\/2019\/10\/margarida-csilva-cQCqoTjr0B4-unsplash.jpg\" alt=\"\"\/><\/figure><\/div><\/div><div class=\"slide\" role=\"listitem\"><div class=\"figure-wrapper\" style=\"background-image:url(https:\/\/www.portimar.com\/files\/uploads\/2019\/10\/ridwan-meah-_wtP2TIJLuA-unsplash.jpg)\"><figure><img src=\"https:\/\/www.portimar.com\/files\/uploads\/2019\/10\/ridwan-meah-_wtP2TIJLuA-unsplash.jpg\" alt=\"\"\/><\/figure><\/div><\/div><div class=\"slide\" role=\"listitem\"><div class=\"figure-wrapper\" style=\"background-image:url(https:\/\/www.portimar.com\/files\/uploads\/2019\/10\/kimson-doan-AZMmUy2qL6A-unsplash.jpg)\"><figure><img src=\"https:\/\/www.portimar.com\/files\/uploads\/2019\/10\/kimson-doan-AZMmUy2qL6A-unsplash.jpg\" alt=\"\"\/><\/figure><\/div><\/div><div class=\"slide\" role=\"listitem\"><div class=\"figure-wrapper\" style=\"background-image:url(https:\/\/www.portimar.com\/files\/uploads\/2019\/10\/jakob-owens-udKo35y6LFY-unsplash.jpg)\"><figure><img src=\"https:\/\/www.portimar.com\/files\/uploads\/2019\/10\/jakob-owens-udKo35y6LFY-unsplash.jpg\" alt=\"\"\/><\/figure><\/div><\/div><\/div><\/div>\n\n\n\n<div class=\"wp-block-kobu-custom-blocks-responsive-spacer responsive-spacer size-small\"><\/div>\n\n\n\n<h5>Confer\u00eancias<\/h5>\n\n\n\n<p>Focamo-nos em proporcionar as confer\u00eancia mais bem-sucedidos, lucrativas e memor\u00e1veis. A Portimar atua como seu parceiro para ajud\u00e1-lo a criar e gerir a opera\u00e7\u00e3o da sua confer\u00eancia, al\u00e9m de permitir que o comit\u00e9 organizador da confer\u00eancia se concentre no planeamento e na execu\u00e7\u00e3o do conte\u00fado real do programa.<\/p>\n\n\n\n<div class=\"wp-block-kobu-custom-blocks-responsive-spacer responsive-spacer size-custom\" style=\"height:undefinedpx\"><\/div>\n\n\n\n<p>A Portimar ajuda-o no or\u00e7amento, nos servi\u00e7os de secretariado e consultoria especializada em sele\u00e7\u00e3o de acomoda\u00e7\u00f5es, eventos sociais e uma s\u00e9rie de \u00e1reas complexas associadas \u00e0 organiza\u00e7\u00e3o de uma confer\u00eancia nas principais \u00e1reas.<\/p>\n\n\n\n<div class=\"wp-block-kobu-custom-blocks-responsive-spacer responsive-spacer size-small\"><\/div>\n\n\n\n<div class=\"wp-block-kobu-custom-blocks-slider-gallery slider-gallery gallery-container hidden\"><div class=\"gallery\" role=\"list\"><div class=\"slide\" role=\"listitem\"><div class=\"figure-wrapper\" style=\"background-image:url(https:\/\/www.portimar.com\/files\/uploads\/2019\/10\/the-climate-reality-project-Hb6uWq0i4MI-unsplash.jpg)\"><figure><img src=\"https:\/\/www.portimar.com\/files\/uploads\/2019\/10\/the-climate-reality-project-Hb6uWq0i4MI-unsplash.jpg\" alt=\"\"\/><\/figure><\/div><\/div><div class=\"slide\" role=\"listitem\"><div class=\"figure-wrapper\" style=\"background-image:url(https:\/\/www.portimar.com\/files\/uploads\/2019\/10\/teemu-paananen-bzdhc5b3Bxs-unsplash.jpg)\"><figure><img src=\"https:\/\/www.portimar.com\/files\/uploads\/2019\/10\/teemu-paananen-bzdhc5b3Bxs-unsplash.jpg\" alt=\"\"\/><\/figure><\/div><\/div><div class=\"slide\" role=\"listitem\"><div class=\"figure-wrapper\" style=\"background-image:url(https:\/\/www.portimar.com\/files\/uploads\/2019\/10\/headway-F2KRf_QfCqw-unsplash.jpg)\"><figure><img src=\"https:\/\/www.portimar.com\/files\/uploads\/2019\/10\/headway-F2KRf_QfCqw-unsplash.jpg\" alt=\"\"\/><\/figure><\/div><\/div><\/div><\/div>\n\n\n\n<div class=\"wp-block-kobu-custom-blocks-responsive-spacer responsive-spacer size-small\"><\/div>\n\n\n\n<h5>Eventos<\/h5>\n\n\n\n<div class=\"wp-block-kobu-custom-blocks-responsive-spacer responsive-spacer size-small\"><\/div>\n\n\n\n<div class=\"wp-block-kobu-custom-blocks-slider-gallery slider-gallery gallery-container hidden\"><div class=\"gallery\" role=\"list\"><div class=\"slide\" role=\"listitem\"><div class=\"figure-wrapper\" style=\"background-image:url(https:\/\/www.portimar.com\/files\/uploads\/2019\/10\/Eventos.jpg)\"><figure><img src=\"https:\/\/www.portimar.com\/files\/uploads\/2019\/10\/Eventos.jpg\" alt=\"\"\/><\/figure><\/div><\/div><div class=\"slide\" role=\"listitem\"><div class=\"figure-wrapper\" style=\"background-image:url(https:\/\/www.portimar.com\/files\/uploads\/2019\/10\/jakob-dalbjorn-cuKJre3nyYc-unsplash.jpg)\"><figure><img src=\"https:\/\/www.portimar.com\/files\/uploads\/2019\/10\/jakob-dalbjorn-cuKJre3nyYc-unsplash.jpg\" alt=\"\"\/><\/figure><\/div><\/div><div class=\"slide\" role=\"listitem\"><div class=\"figure-wrapper\" style=\"background-image:url(https:\/\/www.portimar.com\/files\/uploads\/2019\/10\/luigi-pozzoli-34Xicn82lY4-unsplash.jpg)\"><figure><img src=\"https:\/\/www.portimar.com\/files\/uploads\/2019\/10\/luigi-pozzoli-34Xicn82lY4-unsplash.jpg\" alt=\"\"\/><\/figure><\/div><\/div><\/div><\/div>\n\n\n\n<div class=\"wp-block-kobu-custom-blocks-responsive-spacer responsive-spacer size-small\"><\/div>\n\n\n\n<p>A nossa equipa \u00e9 dedicada e esfor\u00e7a-se para oferecer programas exclusivos e bem pensados para o seu evento, promovendo ideias prontas para uso e conte\u00fado estrat\u00e9gico.<\/p>\n","protected":false},"excerpt":{"rendered":"<p>N\u00e3o h\u00e1 limites, apenas solu\u00e7\u00f5es. Oferecemos programas imaginativos e a pre\u00e7os razo\u00e1veis, juntamente com a excel\u00eancia dos nossos servi\u00e7os. Encontramos o local perfeito, entretenimento incr\u00edvel e as atividades adequadas a cada grupo. A diversidade dos programas vai do mais divertido e motivacional, ideal para a forma\u00e7\u00e3o de equipas corporativas, ao mais criativo, desde tem\u00e1ticas culturais [&hellip;]<\/p>\n","protected":false},"author":1,"featured_media":3723,"parent":997,"menu_order":0,"comment_status":"closed","ping_status":"closed","template":"","meta":[],"_links":{"self":[{"href":"https:\/\/www.portimar.pt\/pt-pt\/wp-json\/wp\/v2\/pages\/983"}],"collection":[{"href":"https:\/\/www.portimar.pt\/pt-pt\/wp-json\/wp\/v2\/pages"}],"about":[{"href":"https:\/\/www.portimar.pt\/pt-pt\/wp-json\/wp\/v2\/types\/page"}],"author":[{"embeddable":true,"href":"https:\/\/www.portimar.pt\/pt-pt\/wp-json\/wp\/v2\/users\/1"}],"replies":[{"embeddable":true,"href":"https:\/\/www.portimar.pt\/pt-pt\/wp-json\/wp\/v2\/comments?post=983"}],"version-history":[{"count":10,"href":"https:\/\/www.portimar.pt\/pt-pt\/wp-json\/wp\/v2\/pages\/983\/revisions"}],"predecessor-version":[{"id":3984,"href":"https:\/\/www.portimar.pt\/pt-pt\/wp-json\/wp\/v2\/pages\/983\/revisions\/3984"}],"up":[{"embeddable":true,"href":"https:\/\/www.portimar.pt\/pt-pt\/wp-json\/wp\/v2\/pages\/997"}],"wp:featuredmedia":[{"embeddable":true,"href":"https:\/\/www.portimar.pt\/pt-pt\/wp-json\/wp\/v2\/media\/3723"}],"wp:attachment":[{"href":"https:\/\/www.portimar.pt\/pt-pt\/wp-json\/wp\/v2\/media?parent=983"}],"curies":[{"name":"wp","href":"https:\/\/api.w.org\/{rel}","templated":true}]}}