{"id":987,"date":"2019-07-24T17:32:16","date_gmt":"2019-07-24T17:32:16","guid":{"rendered":"https:\/\/www.portimar.com\/groups\/"},"modified":"2019-10-30T12:37:24","modified_gmt":"2019-10-30T12:37:24","slug":"grupos","status":"publish","type":"page","link":"https:\/\/www.portimar.pt\/pt-pt\/servicos\/grupos\/","title":{"rendered":"Grupos"},"content":{"rendered":"\n<h4>A Portimar \u00e9 especializada na organiza\u00e7\u00e3o de viagens em grupo em Portugal e Espanha, de acordo com os requisitos do seu cliente.<\/h4>\n\n\n\n<div class=\"wp-block-kobu-custom-blocks-responsive-spacer responsive-spacer size-custom\" style=\"height:undefinedpx\"><\/div>\n\n\n\n<p>Para n\u00f3s, ter o controlo total da opera\u00e7\u00e3o \u00e9 fundamental para garantir que os passeios ocorrem sem problemas e da maneira mais descontra\u00edda e agrad\u00e1vel poss\u00edvel.<\/p>\n\n\n\n<div class=\"wp-block-kobu-custom-blocks-responsive-spacer responsive-spacer size-custom\" style=\"height:undefinedpx\"><\/div>\n\n\n\n<p>H\u00e1 mais de 30 anos a fornecer viagens em grupo personalizadas, juntamente com uma equipa dedicada em cada regi\u00e3o em que estamos localizados, constru\u00edmos uma base de fornecedores para garantir o acesso dos seus clientes aos locais mais imperd\u00edveis, a atividades especiais e surpreendentes bem como aos segredos escondidos deste pa\u00eds fant\u00e1stico.<\/p>\n\n\n\n<div class=\"wp-block-kobu-custom-blocks-responsive-spacer responsive-spacer size-medium\"><\/div>\n\n\n\n<div class=\"wp-block-kobu-custom-blocks-slider-gallery slider-gallery gallery-container hidden\"><div class=\"gallery\" role=\"list\"><div class=\"slide\" role=\"listitem\"><div class=\"figure-wrapper\" style=\"background-image:url(https:\/\/www.portimar.com\/files\/uploads\/2019\/10\/enoturismo_adegas_caves-5.jpg)\"><figure><img src=\"https:\/\/www.portimar.com\/files\/uploads\/2019\/10\/enoturismo_adegas_caves-5.jpg\" alt=\"\"\/><\/figure><\/div><\/div><div class=\"slide\" role=\"listitem\"><div class=\"figure-wrapper\" style=\"background-image:url(https:\/\/www.portimar.com\/files\/uploads\/2019\/10\/arthur-poulin-NhU0nUR7920-unsplash.jpg)\"><figure><img src=\"https:\/\/www.portimar.com\/files\/uploads\/2019\/10\/arthur-poulin-NhU0nUR7920-unsplash.jpg\" alt=\"\"\/><\/figure><\/div><\/div><div class=\"slide\" role=\"listitem\"><div class=\"figure-wrapper\" style=\"background-image:url(https:\/\/www.portimar.com\/files\/uploads\/2019\/10\/eliobed-suarez-VDYZPTBPMgg-unsplash.jpg)\"><figure><img src=\"https:\/\/www.portimar.com\/files\/uploads\/2019\/10\/eliobed-suarez-VDYZPTBPMgg-unsplash.jpg\" alt=\"\"\/><\/figure><\/div><\/div><div class=\"slide\" role=\"listitem\"><div class=\"figure-wrapper\" style=\"background-image:url(https:\/\/www.portimar.com\/files\/uploads\/2019\/10\/ms-sue-huan-YhN-o8-nrzs-unsplash.jpg)\"><figure><img src=\"https:\/\/www.portimar.com\/files\/uploads\/2019\/10\/ms-sue-huan-YhN-o8-nrzs-unsplash.jpg\" alt=\"\"\/><\/figure><\/div><\/div><\/div><\/div>\n\n\n\n<div class=\"wp-block-kobu-custom-blocks-responsive-spacer responsive-spacer size-medium\"><\/div>\n\n\n\n<p>Os nossos itiner\u00e1rios s\u00e3o personalizados para que os seus clientes possam familiarizar-se com os lugares, as tradi\u00e7\u00f5es e experi\u00eancias mais aut\u00eanticas de Portugal. No entanto, cada programa pode ser delineado de acordo com as exig\u00eancias e prefer\u00eancias espec\u00edficas de cada cliente.<\/p>\n\n\n\n<div class=\"wp-block-kobu-custom-blocks-responsive-spacer responsive-spacer size-custom\" style=\"height:undefinedpx\"><\/div>\n\n\n\n<p>Apresentar este pa\u00eds maravilhoso aos seus clientes, garantindo-lhes uma experi\u00eancia agrad\u00e1vel e altamente memor\u00e1vel &#8211; \u00e9 esse o nosso compromisso!<\/p>\n\n\n\n<div class=\"wp-block-kobu-custom-blocks-responsive-spacer responsive-spacer size-medium\"><\/div>\n","protected":false},"excerpt":{"rendered":"<p>A Portimar \u00e9 especializada na organiza\u00e7\u00e3o de viagens em grupo em Portugal e Espanha, de acordo com os requisitos do seu cliente. Para n\u00f3s, ter o controlo total da opera\u00e7\u00e3o \u00e9 fundamental para garantir que os passeios ocorrem sem problemas e da maneira mais descontra\u00edda e agrad\u00e1vel poss\u00edvel. H\u00e1 mais de 30 anos a fornecer [&hellip;]<\/p>\n","protected":false},"author":1,"featured_media":3710,"parent":997,"menu_order":0,"comment_status":"closed","ping_status":"closed","template":"","meta":[],"_links":{"self":[{"href":"https:\/\/www.portimar.pt\/pt-pt\/wp-json\/wp\/v2\/pages\/987"}],"collection":[{"href":"https:\/\/www.portimar.pt\/pt-pt\/wp-json\/wp\/v2\/pages"}],"about":[{"href":"https:\/\/www.portimar.pt\/pt-pt\/wp-json\/wp\/v2\/types\/page"}],"author":[{"embeddable":true,"href":"https:\/\/www.portimar.pt\/pt-pt\/wp-json\/wp\/v2\/users\/1"}],"replies":[{"embeddable":true,"href":"https:\/\/www.portimar.pt\/pt-pt\/wp-json\/wp\/v2\/comments?post=987"}],"version-history":[{"count":8,"href":"https:\/\/www.portimar.pt\/pt-pt\/wp-json\/wp\/v2\/pages\/987\/revisions"}],"predecessor-version":[{"id":3709,"href":"https:\/\/www.portimar.pt\/pt-pt\/wp-json\/wp\/v2\/pages\/987\/revisions\/3709"}],"up":[{"embeddable":true,"href":"https:\/\/www.portimar.pt\/pt-pt\/wp-json\/wp\/v2\/pages\/997"}],"wp:featuredmedia":[{"embeddable":true,"href":"https:\/\/www.portimar.pt\/pt-pt\/wp-json\/wp\/v2\/media\/3710"}],"wp:attachment":[{"href":"https:\/\/www.portimar.pt\/pt-pt\/wp-json\/wp\/v2\/media?parent=987"}],"curies":[{"name":"wp","href":"https:\/\/api.w.org\/{rel}","templated":true}]}}