{"id":990,"date":"2019-07-24T17:31:59","date_gmt":"2019-07-24T17:31:59","guid":{"rendered":"https:\/\/www.portimar.com\/excursions\/"},"modified":"2019-11-07T14:32:54","modified_gmt":"2019-11-07T14:32:54","slug":"fit-independent-traveller","status":"publish","type":"page","link":"https:\/\/www.portimar.pt\/pt-pt\/servicos\/fit-independent-traveller\/","title":{"rendered":"FIT &#8211; Independent Traveller"},"content":{"rendered":"\n<div class=\"wp-block-kobu-custom-blocks-responsive-spacer responsive-spacer size-custom\" style=\"height:undefinedpx\"><\/div>\n\n\n\n<h4>Gama completa de acomoda\u00e7\u00f5es, atividades, transfers e experi\u00eancias personalizadas para viajantes individuais que gostariam de descobrir e de criar um maior contato com a hist\u00f3ria de Portugal, a sua cultura e gastronomia, bem como as suas gentes.<\/h4>\n\n\n\n<div class=\"wp-block-kobu-custom-blocks-responsive-spacer responsive-spacer size-small\"><\/div>\n\n\n\n<p>Fornecemos servi\u00e7os tur\u00edsticos \u00fanicos e atividades \u00edmpares, inspiradas n\u00e3o s\u00f3 pela cultura portuguesa, mas tamb\u00e9m pelo seu patrim\u00f3nio gastron\u00f3mico e diversidade paisag\u00edstica, personalizados ao m\u00e1ximo para tornar a experi\u00eancia do seu cliente verdadeiramente gratificante e inesquec\u00edvel.<\/p>\n\n\n\n<div class=\"wp-block-kobu-custom-blocks-responsive-spacer responsive-spacer size-custom\" style=\"height:undefinedpx\"><\/div>\n\n\n\n<p>Dispomos tamb\u00e9m de itiner\u00e1rios criativos, cada um criado individualmente para atingir as metas de lazer dos nossos clientes; roteiros abrangentes e criativos para pacotes individuais de turismo, que variam entre acomoda\u00e7\u00f5es de cinco estrelas em hot\u00e9is, castelos e acomoda\u00e7\u00f5es rurais; percursos personalizados para atividades especializadas, como caminhadas, trekking ou degusta\u00e7\u00e3o de vinhos.<\/p>\n\n\n\n<div class=\"wp-block-kobu-custom-blocks-responsive-spacer responsive-spacer size-small\"><\/div>\n\n\n\n<div class=\"wp-block-kobu-custom-blocks-slider-gallery slider-gallery gallery-container hidden\"><div class=\"gallery\" role=\"list\"><div class=\"slide\" role=\"listitem\"><div class=\"figure-wrapper\" style=\"background-image:url(https:\/\/www.portimar.com\/files\/uploads\/2019\/10\/ricardo-resende-swivynstICo-unsplash.jpg)\"><figure><img src=\"https:\/\/www.portimar.com\/files\/uploads\/2019\/10\/ricardo-resende-swivynstICo-unsplash.jpg\" alt=\"\"\/><\/figure><\/div><\/div><div class=\"slide\" role=\"listitem\"><div class=\"figure-wrapper\" style=\"background-image:url(https:\/\/www.portimar.com\/files\/uploads\/2019\/10\/patrick-fore-UFqV-RqPm8w-unsplash.jpg)\"><figure><img src=\"https:\/\/www.portimar.com\/files\/uploads\/2019\/10\/patrick-fore-UFqV-RqPm8w-unsplash.jpg\" alt=\"\"\/><\/figure><\/div><\/div><div class=\"slide\" role=\"listitem\"><div class=\"figure-wrapper\" style=\"background-image:url(https:\/\/www.portimar.com\/files\/uploads\/2019\/10\/luca-dugaro-1OEqBMavEak-unsplash.jpg)\"><figure><img src=\"https:\/\/www.portimar.com\/files\/uploads\/2019\/10\/luca-dugaro-1OEqBMavEak-unsplash.jpg\" alt=\"\"\/><\/figure><\/div><\/div><div class=\"slide\" role=\"listitem\"><div class=\"figure-wrapper\" style=\"background-image:url(https:\/\/www.portimar.com\/files\/uploads\/2019\/10\/elio-santos-AM3fGb78CU4-unsplash.jpg)\"><figure><img src=\"https:\/\/www.portimar.com\/files\/uploads\/2019\/10\/elio-santos-AM3fGb78CU4-unsplash.jpg\" alt=\"\"\/><\/figure><\/div><\/div><\/div><\/div>\n\n\n\n<div class=\"wp-block-kobu-custom-blocks-responsive-spacer responsive-spacer size-small\"><\/div>\n\n\n\n<p>N\u00e3o precisa de perder tempo em pesquisas demoradas a tentar encontrar alojamento, mapas ou descri\u00e7\u00f5es de passeios, nem sobre qual rota escolher. N\u00f3s providenciamos tudo!<\/p>\n\n\n\n<div class=\"wp-block-kobu-custom-blocks-responsive-spacer responsive-spacer size-custom\" style=\"height:undefinedpx\"><\/div>\n\n\n\n<p>Diga-nos quais s\u00e3o as necessidades do seu cliente ou pe\u00e7a-nos sugest\u00f5es! Gostar\u00edamos de ajud\u00e1-lo a planear e a concluir o seu passeio com atividades emocionantes e distintas.<\/p>\n\n\n\n<div class=\"wp-block-kobu-custom-blocks-responsive-spacer responsive-spacer size-custom\" style=\"height:undefinedpx\"><\/div>\n\n\n\n<p>O nosso portf\u00f3lio inclui uma vasta gama de produtos para viagens individuais, como:<\/p>\n\n\n\n<div class=\"wp-block-kobu-custom-blocks-responsive-spacer responsive-spacer size-custom\" style=\"height:undefinedpx\"><\/div>\n\n\n\n<h6>Hot\u00e9is | Atividades | Transfers | City-Breaks | Viagens de Ida e Volta | Passeios Personalizados | Experi\u00eancias Individuais<\/h6>\n","protected":false},"excerpt":{"rendered":"<p>Gama completa de acomoda\u00e7\u00f5es, atividades, transfers e experi\u00eancias personalizadas para viajantes individuais que gostariam de descobrir e de criar um maior contato com a hist\u00f3ria de Portugal, a sua cultura e gastronomia, bem como as suas gentes. Fornecemos servi\u00e7os tur\u00edsticos \u00fanicos e atividades \u00edmpares, inspiradas n\u00e3o s\u00f3 pela cultura portuguesa, mas tamb\u00e9m pelo seu patrim\u00f3nio [&hellip;]<\/p>\n","protected":false},"author":1,"featured_media":3681,"parent":997,"menu_order":0,"comment_status":"closed","ping_status":"closed","template":"","meta":[],"_links":{"self":[{"href":"https:\/\/www.portimar.pt\/pt-pt\/wp-json\/wp\/v2\/pages\/990"}],"collection":[{"href":"https:\/\/www.portimar.pt\/pt-pt\/wp-json\/wp\/v2\/pages"}],"about":[{"href":"https:\/\/www.portimar.pt\/pt-pt\/wp-json\/wp\/v2\/types\/page"}],"author":[{"embeddable":true,"href":"https:\/\/www.portimar.pt\/pt-pt\/wp-json\/wp\/v2\/users\/1"}],"replies":[{"embeddable":true,"href":"https:\/\/www.portimar.pt\/pt-pt\/wp-json\/wp\/v2\/comments?post=990"}],"version-history":[{"count":16,"href":"https:\/\/www.portimar.pt\/pt-pt\/wp-json\/wp\/v2\/pages\/990\/revisions"}],"predecessor-version":[{"id":3700,"href":"https:\/\/www.portimar.pt\/pt-pt\/wp-json\/wp\/v2\/pages\/990\/revisions\/3700"}],"up":[{"embeddable":true,"href":"https:\/\/www.portimar.pt\/pt-pt\/wp-json\/wp\/v2\/pages\/997"}],"wp:featuredmedia":[{"embeddable":true,"href":"https:\/\/www.portimar.pt\/pt-pt\/wp-json\/wp\/v2\/media\/3681"}],"wp:attachment":[{"href":"https:\/\/www.portimar.pt\/pt-pt\/wp-json\/wp\/v2\/media?parent=990"}],"curies":[{"name":"wp","href":"https:\/\/api.w.org\/{rel}","templated":true}]}}